{"id":10012,"date":"2024-06-10T10:49:24","date_gmt":"2024-06-10T07:49:24","guid":{"rendered":"https:\/\/hilfalfudul.org\/?page_id=10012"},"modified":"2025-10-30T20:05:41","modified_gmt":"2025-10-30T17:05:41","slug":"campaign-application","status":"publish","type":"page","link":"https:\/\/hilfalfudul.org\/en\/campaign-application\/","title":{"rendered":"Campaign Application"},"content":{"rendered":"<div class=\"wpb-content-wrapper\"><div class=\"vc_row wpb_row vc_row-fluid\"><div class=\"wpb_column vc_column_container vc_col-sm-12\"><div class=\"vc_column-inner\"><div class=\"wpb_wrapper\">\n\t\t<div id=\"wd-66e1806788fb4\" class=\"title-wrapper wd-wpb wd-set-mb reset-last-child  wd-rs-66e1806788fb4 wd-title-color-default wd-title-style-simple text-center vc_custom_1726054507000 wd-underline-colored\">\n\t\t\t\n\t\t\t<div class=\"liner-continer\">\n\t\t\t\t<h4 class=\"woodmart-title-container title  wd-font-weight- wd-fontsize-l\" >START A CAMPAIGN FOR YOUR SPECIAL DAYS<\/h4>\n\t\t\t\t\t\t\t<\/div>\n\t\t\t\n\t\t\t\n\t\t\t\n\t\t<\/div>\n\t\t\n\t\t\t\t<div id=\"wd-66e182aa56fbe\" class=\"wd-text-block wd-wpb reset-last-child wd-rs-66e182aa56fbe text-left wd-fontsize-m\">\n\t\t\t<p>This year, how about giving your gifts through the Hilful Fudul Foundation to people who struggle to access clean water, food, and education?<\/p>\n<p class=\"translation-block\">Gelin, birlikte daha g\u00fczel bir d\u00fcnya i\u00e7in ad\u0131m atal\u0131m! Her do\u011fum g\u00fcn\u00fcn\u00fcz ya da farkl\u0131 \u00f6zel bir g\u00fcn\u00fcn\u00fcz, bir ba\u015fkas\u0131n\u0131n ya\u015fam\u0131nda \u00f6nemli bir de\u011fi\u015fim ba\u015flatabilir.<br>\r\nK\u00fc\u00e7\u00fck iyilikler yapmak i\u00e7in asl\u0131nda bir\u00e7ok sebep var. \u0130\u015fte bunlardan sadece birka\u00e7\u0131..<\/p>\n<p class=\"translation-block\"><strong>Organize Events<\/strong><br>\nYou can turn hundreds of events into a fundraising activity. You can organize art exhibitions and sales, charity concerts, sports tournaments, food festivals, and many other events. The proceeds can be donated to our foundation.<br>\n<strong><br>\nLaunch a Corporate Campaign<\/strong><br>\nAs a company, you can unite to address an issue, communicate the problem you tackle with each team member to a wider audience, and generate resources to solve it.<br>\n<strong><br>\nCelebrate Special Days<\/strong><br>\nFor many of us, special days are the best times to gather with loved ones and share happiness and love. However, instead of celebrating these days only for ourselves, we can see them as an opportunity to positively impact the lives of others.<br>\nPerhaps this year, you can ask your loved ones to make a donation instead of giving you a gift. Once collected, these donations can be used in our foundation\u2019s projects according to your wishes, creating a truly meaningful impact. (For example, you could have a water well established in your name. Such a project not only meets a need but also brings hope and solidarity to the community\u2019s future.)<br>\nThe important thing is not just to celebrate special days, but to make them meaningful and see them as an opportunity to help others. Let\u2019s take action together and assist people living under challenging conditions around the world! Remember, every birthday or special day of yours can spark a significant change in someone else\u2019s life.<br>\n<strong><br>\nDo Kindness Without Reason<\/strong><br>\nOr do good simply because you feel like it, with no reason at all. Make your voice heard and inspire others to do acts of kindness.<\/p>\n\t\t<\/div>\n\t\t<\/div><\/div><\/div><\/div><div class=\"vc_row wpb_row vc_row-fluid vc_custom_1636979247058 wd-rs-61925220b02e3\"><div class=\"wpb_column vc_column_container vc_col-sm-12\"><div class=\"vc_column-inner vc_custom_1508143071646\"><div class=\"wpb_wrapper\">\t\t<div id=\"wd-66e17f8fee822\" class=\"wd-timeline-wrapper wd-item-shadow wd-line-dashed wd-rs-66e17f8fee822\">\n\t\t\t<div class=\"woodmart-timeline-line\">\n\t\t\t\t<span class=\"line-dot dot-start\"><\/span>\n\t\t\t\t<span class=\"line-dot dot-end\"><\/span>\n\t\t\t<\/div>\n\t\t\t<div class=\"wd-timeline\">\n\t\t\t\t\t\t<div id=\"wd-66e17f43c4045\" class=\"wd-timeline-breakpoint\">\n\t\t\t<span class=\"woodmart-timeline-breakpoint-title\">01<\/span>\n\t\t\t\t\t<\/div>\n\t\t\t\t<div id=\"wd-66e1801d1f555\" class=\"wd-timeline-item wd-item-position-right text-larger\">\n\n\t\t\t<div class=\"woodmart-timeline-dot\"><\/div>\n\n\t\t\t<div class=\"timeline-col timeline-col-primary\">\n\t\t\t\t<span class=\"timeline-arrow\"><\/span>\n\t\t\t\t\t\t\t\t<h4 class=\"wd-timeline-title\"><\/h4>\n\t\t\t\t<div class=\"wd-timeline-content wd-set-mb reset-last-child\"><\/p>\n<h3 class=\"hidden-xs hidden-sm\" style=\"font-size: 28px;\"><span style=\"font-weight: 300;\">1-<\/span><span style=\"font-weight: 300;\">\u00a0<span style=\"color: #bc6d51;\">Kampanyan\u0131 Olu\u015ftur<\/span><\/span><\/h3>\n<h3 style=\"font-size: 22px;\" class=\"translation-block\">Choose an eye-catching title for your campaign! Then briefly write the campaign\u2019s message,<br>\nstate its goal, and share with everyone the reason for launching the campaign!<\/h3>\n<p><\/div>\n\t\t\t<\/div>\n\n\t\t\t<div class=\"timeline-col timeline-col-secondary\">\t\n\t\t\t\t<span class=\"timeline-arrow\"><\/span>\n\t\t\t\t\t\t\t\t\t<div class=\"wd-timeline-image\" >\n\t\t\t\t\t\t<img fetchpriority=\"high\" decoding=\"async\" width=\"2560\" height=\"1717\" src=\"https:\/\/hilfalfudul.org\/wp-content\/uploads\/2024\/09\/kampanya-gorseli-hilfalfudul-scaled.jpg\" class=\"attachment-full size-full\" alt=\"\" srcset=\"https:\/\/hilfalfudul.org\/wp-content\/uploads\/2024\/09\/kampanya-gorseli-hilfalfudul-scaled.jpg 2560w, https:\/\/hilfalfudul.org\/wp-content\/uploads\/2024\/09\/kampanya-gorseli-hilfalfudul-768x515.jpg 768w, https:\/\/hilfalfudul.org\/wp-content\/uploads\/2024\/09\/kampanya-gorseli-hilfalfudul-1536x1030.jpg 1536w, https:\/\/hilfalfudul.org\/wp-content\/uploads\/2024\/09\/kampanya-gorseli-hilfalfudul-2048x1373.jpg 2048w, https:\/\/hilfalfudul.org\/wp-content\/uploads\/2024\/09\/kampanya-gorseli-hilfalfudul-600x402.jpg 600w, https:\/\/hilfalfudul.org\/wp-content\/uploads\/2024\/09\/kampanya-gorseli-hilfalfudul-1200x805.jpg 1200w\" sizes=\"(max-width: 2560px) 100vw, 2560px\" \/>\t\t\t\t\t<\/div>\n\t\t\t\t\t\t\t\t<h4 class=\"wd-timeline-title\"><\/h4>\n\t\t\t\t<div class=\"wd-timeline-content wd-set-mb reset-last-child\"><\/div>\n\t\t\t<\/div>\n\t\t\t\t\t<\/div>\n\t\t\t\t<div id=\"wd-66e18028403c4\" class=\"wd-timeline-breakpoint\">\n\t\t\t<span class=\"woodmart-timeline-breakpoint-title\">02<\/span>\n\t\t\t\t\t<\/div>\n\t\t\t\t<div id=\"wd-66e1802dccd38\" class=\"wd-timeline-item wd-item-position-left text-larger\">\n\n\t\t\t<div class=\"woodmart-timeline-dot\"><\/div>\n\n\t\t\t<div class=\"timeline-col timeline-col-primary\">\n\t\t\t\t<span class=\"timeline-arrow\"><\/span>\n\t\t\t\t\t\t\t\t<h4 class=\"wd-timeline-title\"><\/h4>\n\t\t\t\t<div class=\"wd-timeline-content wd-set-mb reset-last-child\"><\/p>\n<h3 class=\"hidden-xs hidden-sm\" style=\"font-size: 28px;\"><span style=\"font-weight: 300;\">2-<\/span><span style=\"font-weight: 300;\">\u00a0<span style=\"color: #bc6d51;\">De\u011ferlendirme S\u00fcreci<\/span><\/span><\/h3>\n<h3 style=\"font-size: 22px;\" class=\"translation-block\">Kampanyan\u0131z\u0131n hatas\u0131z ve sorunsuz olmas\u0131 kontrol en k\u0131sa zamanda taraf\u0131n\u0131za onay\/bilgilendirme e-<br>\r\npostas\u0131 g\u00f6nderilecektir.<\/h3>\n<p><\/div>\n\t\t\t<\/div>\n\n\t\t\t<div class=\"timeline-col timeline-col-secondary\">\t\n\t\t\t\t<span class=\"timeline-arrow\"><\/span>\n\t\t\t\t\t\t\t\t\t<div class=\"wd-timeline-image\" >\n\t\t\t\t\t\t<img decoding=\"async\" width=\"626\" height=\"470\" src=\"https:\/\/hilfalfudul.org\/wp-content\/uploads\/2024\/09\/top-view-marked-checking-box_23-2148265510.jpg\" class=\"attachment-full size-full\" alt=\"\" srcset=\"https:\/\/hilfalfudul.org\/wp-content\/uploads\/2024\/09\/top-view-marked-checking-box_23-2148265510.jpg 626w, https:\/\/hilfalfudul.org\/wp-content\/uploads\/2024\/09\/top-view-marked-checking-box_23-2148265510-600x450.jpg 600w\" sizes=\"(max-width: 626px) 100vw, 626px\" \/>\t\t\t\t\t<\/div>\n\t\t\t\t\t\t\t\t<h4 class=\"wd-timeline-title\"><\/h4>\n\t\t\t\t<div class=\"wd-timeline-content wd-set-mb reset-last-child\"><\/div>\n\t\t\t<\/div>\n\t\t\t\t\t<\/div>\n\t\t\t\t<div id=\"wd-66e180344bef0\" class=\"wd-timeline-breakpoint\">\n\t\t\t<span class=\"woodmart-timeline-breakpoint-title\">03<\/span>\n\t\t\t\t\t<\/div>\n\t\t\t\t<div id=\"wd-66e1803b2b1c3\" class=\"wd-timeline-item wd-item-position-right text-larger\">\n\n\t\t\t<div class=\"woodmart-timeline-dot\"><\/div>\n\n\t\t\t<div class=\"timeline-col timeline-col-primary\">\n\t\t\t\t<span class=\"timeline-arrow\"><\/span>\n\t\t\t\t\t\t\t\t<h4 class=\"wd-timeline-title\"><\/h4>\n\t\t\t\t<div class=\"wd-timeline-content wd-set-mb reset-last-child\"><\/p>\n<h3 class=\"hidden-xs hidden-sm\" style=\"font-size: 28px;\"><span style=\"font-weight: 300;\">3-<\/span><span style=\"font-weight: 300;\">\u00a0<span style=\"color: #bc6d51;\">Onaylanan Kampanyan\u0131 Payla\u015f<\/span><\/span><\/h3>\n<h3 style=\"font-size: 22px;\" class=\"translation-block\">Don\u2019t forget to share this wonderful idea on your Twitter, Facebook, LinkedIn, Instagram, and other social media accounts.<br><\/h3>\n<p><\/div>\n\t\t\t<\/div>\n\n\t\t\t<div class=\"timeline-col timeline-col-secondary\">\t\n\t\t\t\t<span class=\"timeline-arrow\"><\/span>\n\t\t\t\t\t\t\t\t\t<div class=\"wd-timeline-image\" >\n\t\t\t\t\t\t\t\t\t\t\t<\/div>\n\t\t\t\t\t\t\t\t<h4 class=\"wd-timeline-title\"><\/h4>\n\t\t\t\t<div class=\"wd-timeline-content wd-set-mb reset-last-child\"><\/div>\n\t\t\t<\/div>\n\t\t\t\t\t<\/div>\n\t\t\t\t\t<\/div>\n\t\t\t\t\t<\/div>\n\t\t<div class=\"vc_empty_space\"   style=\"height: 32px\"><span class=\"vc_empty_space_inner\"><\/span><\/div><div id=\"wd-69039adb8b959\" class=\"wd-rs-69039adb8b959  wd-button-wrapper text-center\"><a href=\"https:\/\/hilfalfudul.org\/en\/campaign-application-form\/\" title=\"Kampanya Ba\u015fvuru Formu\" class=\"btn btn-color-primary btn-style-default btn-shape-rectangle btn-size-default\">Campaign Application Form<\/a><\/div><\/div><\/div><\/div><\/div>\n\n    <div class=\"xs_social_share_widget xs_share_url after_content \t\tmain_content  wslu-style-1 wslu-share-box-shaped wslu-fill-colored wslu-none wslu-share-horizontal wslu-theme-font-no wslu-main_content\">\n\n\t\t\n        <ul>\n\t\t\t        <\/ul>\n    <\/div> \n<\/div>","protected":false},"excerpt":{"rendered":"\u00d6ZEL G\u00dcNLER\u0130N \u0130\u00c7\u0130N KAMPANYA BA\u015eLAT Bu y\u0131l, hediyelerinizi Hilful Fudul Vakf\u0131 arac\u0131l\u0131\u011f\u0131yla, temiz suya, g\u0131daya ve e\u011fitime eri\u015fimde zorluk \u00e7eken","protected":false},"author":1,"featured_media":0,"parent":0,"menu_order":0,"comment_status":"closed","ping_status":"closed","template":"","meta":{"give_campaign_id":0,"postBodyCss":"","postBodyMargin":[],"postBodyPadding":[],"postBodyBackground":{"backgroundType":"classic","gradient":""},"footnotes":""},"class_list":["post-10012","page","type-page","status-publish","hentry"],"yoast_head":"<!-- This site is optimized with the Yoast SEO Premium plugin v27.2 (Yoast SEO v27.2) - https:\/\/yoast.com\/product\/yoast-seo-premium-wordpress\/ -->\n<title>Kampanya Ba\u015fvurusu - HilfalFudul<\/title>\n<meta name=\"robots\" content=\"index, follow, max-snippet:-1, max-image-preview:large, max-video-preview:-1\" \/>\n<link rel=\"canonical\" href=\"https:\/\/hilfalfudul.org\/en\/campaign-application\/\" \/>\n<meta property=\"og:locale\" content=\"en_US\" \/>\n<meta property=\"og:type\" content=\"article\" \/>\n<meta property=\"og:title\" content=\"Kampanya Ba\u015fvurusu\" \/>\n<meta property=\"og:url\" content=\"https:\/\/hilfalfudul.org\/en\/campaign-application\/\" \/>\n<meta property=\"og:site_name\" content=\"HilfalFudul\" \/>\n<meta property=\"article:modified_time\" content=\"2025-10-30T17:05:41+00:00\" \/>\n<meta name=\"twitter:card\" content=\"summary_large_image\" \/>\n<meta name=\"twitter:label1\" content=\"Est. reading time\" \/>\n\t<meta name=\"twitter:data1\" content=\"6 minutes\" \/>\n<script type=\"application\/ld+json\" class=\"yoast-schema-graph\">{\"@context\":\"https:\/\/schema.org\",\"@graph\":[{\"@type\":\"WebPage\",\"@id\":\"https:\/\/hilfalfudul.org\/campaign-application\/\",\"url\":\"https:\/\/hilfalfudul.org\/campaign-application\/\",\"name\":\"Kampanya Ba\u015fvurusu - HilfalFudul\",\"isPartOf\":{\"@id\":\"https:\/\/hilfalfudul.org\/#website\"},\"datePublished\":\"2024-06-10T07:49:24+00:00\",\"dateModified\":\"2025-10-30T17:05:41+00:00\",\"breadcrumb\":{\"@id\":\"https:\/\/hilfalfudul.org\/campaign-application\/#breadcrumb\"},\"inLanguage\":\"en-US\",\"potentialAction\":[{\"@type\":\"ReadAction\",\"target\":[\"https:\/\/hilfalfudul.org\/campaign-application\/\"]}]},{\"@type\":\"BreadcrumbList\",\"@id\":\"https:\/\/hilfalfudul.org\/campaign-application\/#breadcrumb\",\"itemListElement\":[{\"@type\":\"ListItem\",\"position\":1,\"name\":\"Home\",\"item\":\"https:\/\/hilfalfudul.org\/\"},{\"@type\":\"ListItem\",\"position\":2,\"name\":\"Kampanya Ba\u015fvurusu\"}]},{\"@type\":\"WebSite\",\"@id\":\"https:\/\/hilfalfudul.org\/#website\",\"url\":\"https:\/\/hilfalfudul.org\/\",\"name\":\"HilfalFudul\",\"description\":\"Umudu Ya\u015fat!\",\"publisher\":{\"@id\":\"https:\/\/hilfalfudul.org\/#organization\"},\"potentialAction\":[{\"@type\":\"SearchAction\",\"target\":{\"@type\":\"EntryPoint\",\"urlTemplate\":\"https:\/\/hilfalfudul.org\/?s={search_term_string}\"},\"query-input\":{\"@type\":\"PropertyValueSpecification\",\"valueRequired\":true,\"valueName\":\"search_term_string\"}}],\"inLanguage\":\"en-US\"},{\"@type\":\"Organization\",\"@id\":\"https:\/\/hilfalfudul.org\/#organization\",\"name\":\"HilfalFudul\",\"url\":\"https:\/\/hilfalfudul.org\/\",\"logo\":{\"@type\":\"ImageObject\",\"inLanguage\":\"en-US\",\"@id\":\"https:\/\/hilfalfudul.org\/#\/schema\/logo\/image\/\",\"url\":\"http:\/\/hilfalfudul.org\/wp-content\/uploads\/2025\/07\/phone-2.svg\",\"contentUrl\":\"http:\/\/hilfalfudul.org\/wp-content\/uploads\/2025\/07\/phone-2.svg\",\"width\":467,\"height\":132,\"caption\":\"HilfalFudul\"},\"image\":{\"@id\":\"https:\/\/hilfalfudul.org\/#\/schema\/logo\/image\/\"},\"sameAs\":[\"https:\/\/www.instagram.com\/hilfalfudulfoundation\/\"]}]}<\/script>\n<!-- \/ Yoast SEO Premium plugin. -->","yoast_head_json":{"title":"Kampanya Ba\u015fvurusu - HilfalFudul","robots":{"index":"index","follow":"follow","max-snippet":"max-snippet:-1","max-image-preview":"max-image-preview:large","max-video-preview":"max-video-preview:-1"},"canonical":"https:\/\/hilfalfudul.org\/en\/campaign-application\/","og_locale":"en_US","og_type":"article","og_title":"Kampanya Ba\u015fvurusu","og_url":"https:\/\/hilfalfudul.org\/en\/campaign-application\/","og_site_name":"HilfalFudul","article_modified_time":"2025-10-30T17:05:41+00:00","twitter_card":"summary_large_image","twitter_misc":{"Est. reading time":"6 minutes"},"schema":{"@context":"https:\/\/schema.org","@graph":[{"@type":"WebPage","@id":"https:\/\/hilfalfudul.org\/campaign-application\/","url":"https:\/\/hilfalfudul.org\/campaign-application\/","name":"Kampanya Ba\u015fvurusu - HilfalFudul","isPartOf":{"@id":"https:\/\/hilfalfudul.org\/#website"},"datePublished":"2024-06-10T07:49:24+00:00","dateModified":"2025-10-30T17:05:41+00:00","breadcrumb":{"@id":"https:\/\/hilfalfudul.org\/campaign-application\/#breadcrumb"},"inLanguage":"en-US","potentialAction":[{"@type":"ReadAction","target":["https:\/\/hilfalfudul.org\/campaign-application\/"]}]},{"@type":"BreadcrumbList","@id":"https:\/\/hilfalfudul.org\/campaign-application\/#breadcrumb","itemListElement":[{"@type":"ListItem","position":1,"name":"Home","item":"https:\/\/hilfalfudul.org\/"},{"@type":"ListItem","position":2,"name":"Kampanya Ba\u015fvurusu"}]},{"@type":"WebSite","@id":"https:\/\/hilfalfudul.org\/#website","url":"https:\/\/hilfalfudul.org\/","name":"HilfalFudul","description":"Umudu Ya\u015fat!","publisher":{"@id":"https:\/\/hilfalfudul.org\/#organization"},"potentialAction":[{"@type":"SearchAction","target":{"@type":"EntryPoint","urlTemplate":"https:\/\/hilfalfudul.org\/?s={search_term_string}"},"query-input":{"@type":"PropertyValueSpecification","valueRequired":true,"valueName":"search_term_string"}}],"inLanguage":"en-US"},{"@type":"Organization","@id":"https:\/\/hilfalfudul.org\/#organization","name":"HilfalFudul","url":"https:\/\/hilfalfudul.org\/","logo":{"@type":"ImageObject","inLanguage":"en-US","@id":"https:\/\/hilfalfudul.org\/#\/schema\/logo\/image\/","url":"http:\/\/hilfalfudul.org\/wp-content\/uploads\/2025\/07\/phone-2.svg","contentUrl":"http:\/\/hilfalfudul.org\/wp-content\/uploads\/2025\/07\/phone-2.svg","width":467,"height":132,"caption":"HilfalFudul"},"image":{"@id":"https:\/\/hilfalfudul.org\/#\/schema\/logo\/image\/"},"sameAs":["https:\/\/www.instagram.com\/hilfalfudulfoundation\/"]}]}},"campaignId":"","_links":{"self":[{"href":"https:\/\/hilfalfudul.org\/en\/wp-json\/wp\/v2\/pages\/10012","targetHints":{"allow":["GET"]}}],"collection":[{"href":"https:\/\/hilfalfudul.org\/en\/wp-json\/wp\/v2\/pages"}],"about":[{"href":"https:\/\/hilfalfudul.org\/en\/wp-json\/wp\/v2\/types\/page"}],"author":[{"embeddable":true,"href":"https:\/\/hilfalfudul.org\/en\/wp-json\/wp\/v2\/users\/1"}],"replies":[{"embeddable":true,"href":"https:\/\/hilfalfudul.org\/en\/wp-json\/wp\/v2\/comments?post=10012"}],"version-history":[{"count":34,"href":"https:\/\/hilfalfudul.org\/en\/wp-json\/wp\/v2\/pages\/10012\/revisions"}],"predecessor-version":[{"id":10773,"href":"https:\/\/hilfalfudul.org\/en\/wp-json\/wp\/v2\/pages\/10012\/revisions\/10773"}],"wp:attachment":[{"href":"https:\/\/hilfalfudul.org\/en\/wp-json\/wp\/v2\/media?parent=10012"}],"curies":[{"name":"wp","href":"https:\/\/api.w.org\/{rel}","templated":true}]}}