{"id":10165,"date":"2024-10-23T11:32:23","date_gmt":"2024-10-23T08:32:23","guid":{"rendered":"https:\/\/hilfalfudul.org\/?page_id=10165"},"modified":"2025-10-31T00:02:54","modified_gmt":"2025-10-30T21:02:54","slug":"scholarship-application","status":"publish","type":"page","link":"https:\/\/hilfalfudul.org\/en\/scholarship-application\/","title":{"rendered":"Scholarship Application Form"},"content":{"rendered":"<div class=\"wpb-content-wrapper\"><div class=\"vc_row wpb_row vc_row-fluid\"><div class=\"wpb_column vc_column_container vc_col-sm-6\"><div class=\"vc_column-inner\"><div class=\"wpb_wrapper\">\t\t<div id=\"wd-6718b5919e5ee\" class=\"wd-image wd-wpb wd-rs-6718b5919e5ee text-left vc_custom_1729672627768\">\n\t\t\t\n\t\t\t<img fetchpriority=\"high\" decoding=\"async\" width=\"626\" height=\"351\" src=\"https:\/\/hilfalfudul.org\/wp-content\/uploads\/2024\/10\/burs-basvuru-formu.jpg\" class=\"attachment-full size-full\" alt=\"\" srcset=\"https:\/\/hilfalfudul.org\/wp-content\/uploads\/2024\/10\/burs-basvuru-formu.jpg 626w, https:\/\/hilfalfudul.org\/wp-content\/uploads\/2024\/10\/burs-basvuru-formu-600x336.jpg 600w\" sizes=\"(max-width: 626px) 100vw, 626px\" \/>\n\t\t\t\t\t<\/div>\n\t\t<\/div><\/div><\/div><div class=\"wpb_column vc_column_container vc_col-sm-6\"><div class=\"vc_column-inner\"><div class=\"wpb_wrapper\">\t\t<div id=\"wd-6718b4f8f014e\" class=\"wd-text-block wd-wpb reset-last-child wd-rs-6718b4f8f014e text-left wd-font-weight-600 wd-fontsize-xs\">\n\t\t\t<p class=\"translation-block\">Hilful Fudul Foundation, aware of the values of the past, is dedicated to nurturing a youth that is intellectually and culturally equipped, and possesses a scientific mindset, with a focus on the future.<br>\nOur Foundation aims to provide educational scholarships to talented and needy young people with limited financial means, offering equal opportunities in education and helping our youth become valuable members of society.<br>\nAlong with this support, we aim to boost the confidence of our young people and stand by them both materially and morally.<br>\nWe believe that the right to education should be accessible to everyone.<br>\nActing with a sense of social responsibility, we do our part to educate the future leaders, scientists, artists, and individuals who will contribute to society.<br>\nWe are here to remove the obstacles that each student encounters on their educational journey and to help them realize their potential.<br>\nIf you wish to apply for an educational scholarship, you can reach us by filling out the form below.<br>\nYour applications will be carefully reviewed, and scholarship support will be provided to candidates deemed suitable.<br>\nWe look forward to working with you to ensure equal opportunities in education and to illuminate your future.<br>\nFor more information and questions about the application process, you can contact us at info@hilfalfudul.org\n.<br>\nWe are eager to build your future together.<\/p>\n\t\t<\/div>\n\t\t<div id=\"wd-6903d276e584c\" class=\"wd-rs-6903d276e584c  wd-button-wrapper text-center\"><a href=\"https:\/\/hilfalfudul.org\/en\/scholarship-application-2\/\" title=\"Scholarship Application Form\" class=\"btn btn-color-primary btn-style-default btn-shape-rectangle btn-size-default\">Scholarship Application<\/a><\/div><\/div><\/div><\/div><\/div>\n\n    <div class=\"xs_social_share_widget xs_share_url after_content \t\tmain_content  wslu-style-1 wslu-share-box-shaped wslu-fill-colored wslu-none wslu-share-horizontal wslu-theme-font-no wslu-main_content\">\n\n\t\t\n        <ul>\n\t\t\t        <\/ul>\n    <\/div> \n<\/div>","protected":false},"excerpt":{"rendered":"Hilful Fudul Vakf\u0131, ge\u00e7mi\u015fin de\u011ferlerini bilerek gelece\u011fe odaklanm\u0131\u015f, fikri ve k\u00fclt\u00fcrel y\u00f6nden donan\u0131ml\u0131, bilimsel d\u00fc\u015f\u00fcnceye sahip bir gen\u00e7lik yeti\u015ftirmeyi kendine","protected":false},"author":1,"featured_media":0,"parent":0,"menu_order":0,"comment_status":"closed","ping_status":"closed","template":"","meta":{"give_campaign_id":0,"postBodyCss":"","postBodyMargin":[],"postBodyPadding":[],"postBodyBackground":{"backgroundType":"classic","gradient":""},"footnotes":""},"class_list":["post-10165","page","type-page","status-publish","hentry"],"yoast_head":"<!-- This site is optimized with the Yoast SEO Premium plugin v27.2 (Yoast SEO v27.2) - https:\/\/yoast.com\/product\/yoast-seo-premium-wordpress\/ -->\n<title>Burs Ba\u015fvuru Formu - HilfalFudul<\/title>\n<meta name=\"robots\" content=\"index, follow, max-snippet:-1, max-image-preview:large, max-video-preview:-1\" \/>\n<link rel=\"canonical\" href=\"https:\/\/hilfalfudul.org\/en\/scholarship-application\/\" \/>\n<meta property=\"og:locale\" content=\"en_US\" \/>\n<meta property=\"og:type\" content=\"article\" \/>\n<meta property=\"og:title\" content=\"Burs Ba\u015fvuru Formu\" \/>\n<meta property=\"og:url\" content=\"https:\/\/hilfalfudul.org\/en\/scholarship-application\/\" \/>\n<meta property=\"og:site_name\" content=\"HilfalFudul\" \/>\n<meta property=\"article:modified_time\" content=\"2025-10-30T21:02:54+00:00\" \/>\n<meta name=\"twitter:card\" content=\"summary_large_image\" \/>\n<meta name=\"twitter:label1\" content=\"Est. reading time\" \/>\n\t<meta name=\"twitter:data1\" content=\"3 minutes\" \/>\n<script type=\"application\/ld+json\" class=\"yoast-schema-graph\">{\"@context\":\"https:\/\/schema.org\",\"@graph\":[{\"@type\":\"WebPage\",\"@id\":\"https:\/\/hilfalfudul.org\/scholarship-application\/\",\"url\":\"https:\/\/hilfalfudul.org\/scholarship-application\/\",\"name\":\"Burs Ba\u015fvuru Formu - HilfalFudul\",\"isPartOf\":{\"@id\":\"https:\/\/hilfalfudul.org\/#website\"},\"datePublished\":\"2024-10-23T08:32:23+00:00\",\"dateModified\":\"2025-10-30T21:02:54+00:00\",\"breadcrumb\":{\"@id\":\"https:\/\/hilfalfudul.org\/scholarship-application\/#breadcrumb\"},\"inLanguage\":\"en-US\",\"potentialAction\":[{\"@type\":\"ReadAction\",\"target\":[\"https:\/\/hilfalfudul.org\/scholarship-application\/\"]}]},{\"@type\":\"BreadcrumbList\",\"@id\":\"https:\/\/hilfalfudul.org\/scholarship-application\/#breadcrumb\",\"itemListElement\":[{\"@type\":\"ListItem\",\"position\":1,\"name\":\"Home\",\"item\":\"https:\/\/hilfalfudul.org\/\"},{\"@type\":\"ListItem\",\"position\":2,\"name\":\"Burs Ba\u015fvuru Formu\"}]},{\"@type\":\"WebSite\",\"@id\":\"https:\/\/hilfalfudul.org\/#website\",\"url\":\"https:\/\/hilfalfudul.org\/\",\"name\":\"HilfalFudul\",\"description\":\"Umudu Ya\u015fat!\",\"publisher\":{\"@id\":\"https:\/\/hilfalfudul.org\/#organization\"},\"potentialAction\":[{\"@type\":\"SearchAction\",\"target\":{\"@type\":\"EntryPoint\",\"urlTemplate\":\"https:\/\/hilfalfudul.org\/?s={search_term_string}\"},\"query-input\":{\"@type\":\"PropertyValueSpecification\",\"valueRequired\":true,\"valueName\":\"search_term_string\"}}],\"inLanguage\":\"en-US\"},{\"@type\":\"Organization\",\"@id\":\"https:\/\/hilfalfudul.org\/#organization\",\"name\":\"HilfalFudul\",\"url\":\"https:\/\/hilfalfudul.org\/\",\"logo\":{\"@type\":\"ImageObject\",\"inLanguage\":\"en-US\",\"@id\":\"https:\/\/hilfalfudul.org\/#\/schema\/logo\/image\/\",\"url\":\"http:\/\/hilfalfudul.org\/wp-content\/uploads\/2025\/07\/phone-2.svg\",\"contentUrl\":\"http:\/\/hilfalfudul.org\/wp-content\/uploads\/2025\/07\/phone-2.svg\",\"width\":467,\"height\":132,\"caption\":\"HilfalFudul\"},\"image\":{\"@id\":\"https:\/\/hilfalfudul.org\/#\/schema\/logo\/image\/\"},\"sameAs\":[\"https:\/\/www.instagram.com\/hilfalfudulfoundation\/\"]}]}<\/script>\n<!-- \/ Yoast SEO Premium plugin. -->","yoast_head_json":{"title":"Burs Ba\u015fvuru Formu - HilfalFudul","robots":{"index":"index","follow":"follow","max-snippet":"max-snippet:-1","max-image-preview":"max-image-preview:large","max-video-preview":"max-video-preview:-1"},"canonical":"https:\/\/hilfalfudul.org\/en\/scholarship-application\/","og_locale":"en_US","og_type":"article","og_title":"Burs Ba\u015fvuru Formu","og_url":"https:\/\/hilfalfudul.org\/en\/scholarship-application\/","og_site_name":"HilfalFudul","article_modified_time":"2025-10-30T21:02:54+00:00","twitter_card":"summary_large_image","twitter_misc":{"Est. reading time":"3 minutes"},"schema":{"@context":"https:\/\/schema.org","@graph":[{"@type":"WebPage","@id":"https:\/\/hilfalfudul.org\/scholarship-application\/","url":"https:\/\/hilfalfudul.org\/scholarship-application\/","name":"Burs Ba\u015fvuru Formu - HilfalFudul","isPartOf":{"@id":"https:\/\/hilfalfudul.org\/#website"},"datePublished":"2024-10-23T08:32:23+00:00","dateModified":"2025-10-30T21:02:54+00:00","breadcrumb":{"@id":"https:\/\/hilfalfudul.org\/scholarship-application\/#breadcrumb"},"inLanguage":"en-US","potentialAction":[{"@type":"ReadAction","target":["https:\/\/hilfalfudul.org\/scholarship-application\/"]}]},{"@type":"BreadcrumbList","@id":"https:\/\/hilfalfudul.org\/scholarship-application\/#breadcrumb","itemListElement":[{"@type":"ListItem","position":1,"name":"Home","item":"https:\/\/hilfalfudul.org\/"},{"@type":"ListItem","position":2,"name":"Burs Ba\u015fvuru Formu"}]},{"@type":"WebSite","@id":"https:\/\/hilfalfudul.org\/#website","url":"https:\/\/hilfalfudul.org\/","name":"HilfalFudul","description":"Umudu Ya\u015fat!","publisher":{"@id":"https:\/\/hilfalfudul.org\/#organization"},"potentialAction":[{"@type":"SearchAction","target":{"@type":"EntryPoint","urlTemplate":"https:\/\/hilfalfudul.org\/?s={search_term_string}"},"query-input":{"@type":"PropertyValueSpecification","valueRequired":true,"valueName":"search_term_string"}}],"inLanguage":"en-US"},{"@type":"Organization","@id":"https:\/\/hilfalfudul.org\/#organization","name":"HilfalFudul","url":"https:\/\/hilfalfudul.org\/","logo":{"@type":"ImageObject","inLanguage":"en-US","@id":"https:\/\/hilfalfudul.org\/#\/schema\/logo\/image\/","url":"http:\/\/hilfalfudul.org\/wp-content\/uploads\/2025\/07\/phone-2.svg","contentUrl":"http:\/\/hilfalfudul.org\/wp-content\/uploads\/2025\/07\/phone-2.svg","width":467,"height":132,"caption":"HilfalFudul"},"image":{"@id":"https:\/\/hilfalfudul.org\/#\/schema\/logo\/image\/"},"sameAs":["https:\/\/www.instagram.com\/hilfalfudulfoundation\/"]}]}},"campaignId":"","_links":{"self":[{"href":"https:\/\/hilfalfudul.org\/en\/wp-json\/wp\/v2\/pages\/10165","targetHints":{"allow":["GET"]}}],"collection":[{"href":"https:\/\/hilfalfudul.org\/en\/wp-json\/wp\/v2\/pages"}],"about":[{"href":"https:\/\/hilfalfudul.org\/en\/wp-json\/wp\/v2\/types\/page"}],"author":[{"embeddable":true,"href":"https:\/\/hilfalfudul.org\/en\/wp-json\/wp\/v2\/users\/1"}],"replies":[{"embeddable":true,"href":"https:\/\/hilfalfudul.org\/en\/wp-json\/wp\/v2\/comments?post=10165"}],"version-history":[{"count":8,"href":"https:\/\/hilfalfudul.org\/en\/wp-json\/wp\/v2\/pages\/10165\/revisions"}],"predecessor-version":[{"id":10810,"href":"https:\/\/hilfalfudul.org\/en\/wp-json\/wp\/v2\/pages\/10165\/revisions\/10810"}],"wp:attachment":[{"href":"https:\/\/hilfalfudul.org\/en\/wp-json\/wp\/v2\/media?parent=10165"}],"curies":[{"name":"wp","href":"https:\/\/api.w.org\/{rel}","templated":true}]}}