{"id":10676,"date":"2025-09-05T01:13:14","date_gmt":"2025-09-04T22:13:14","guid":{"rendered":"https:\/\/hilfalfudul.org\/?page_id=10676"},"modified":"2025-09-05T01:13:15","modified_gmt":"2025-09-04T22:13:15","slug":"3-2","status":"publish","type":"page","link":"https:\/\/hilfalfudul.org\/en\/3-2\/","title":{"rendered":"3"},"content":{"rendered":"<div class=\"wpcf7 no-js\" id=\"wpcf7-f10056-o1\" lang=\"en-US\" dir=\"ltr\" data-wpcf7-id=\"10056\">\n<div class=\"screen-reader-response\"><p role=\"status\" aria-live=\"polite\" aria-atomic=\"true\"><\/p> <ul><\/ul><\/div>\n<form action=\"\/en\/wp-json\/wp\/v2\/pages\/10676#wpcf7-f10056-o1\" method=\"post\" class=\"wpcf7-form init\" aria-label=\"Contact form\" enctype=\"multipart\/form-data\" novalidate=\"novalidate\" data-status=\"init\" data-trp-original-action=\"\/en\/wp-json\/wp\/v2\/pages\/10676#wpcf7-f10056-o1\">\n<fieldset class=\"hidden-fields-container\"><input type=\"hidden\" name=\"_wpcf7\" value=\"10056\" \/><input type=\"hidden\" name=\"_wpcf7_version\" value=\"6.1.1\" \/><input type=\"hidden\" name=\"_wpcf7_locale\" value=\"en_US\" \/><input type=\"hidden\" name=\"_wpcf7_unit_tag\" value=\"wpcf7-f10056-o1\" \/><input type=\"hidden\" name=\"_wpcf7_container_post\" value=\"0\" \/><input type=\"hidden\" name=\"_wpcf7_posted_data_hash\" value=\"\" \/>\n<\/fieldset>\n<div class=\"row\">\n\t<p class=\"col-md-4\" style='margin-bottom:20px;'><label><b>KAMPANYA ADI<\/b><\/label><span class=\"wpcf7-form-control-wrap\" data-name=\"your-name\"><input size=\"40\" maxlength=\"400\" class=\"wpcf7-form-control wpcf7-text wpcf7-validates-as-required\" aria-required=\"true\" aria-invalid=\"false\" value=\"\" type=\"text\" name=\"your-name\" \/><\/span>\n\t<\/p>\n\t<p class=\"col-md-4\" style='margin-bottom:20px;'><label><b>\u00d6ZEL G\u00dcN ETK\u0130NL\u0130\u011e\u0130N\u0130 SE\u00c7\u0130N<\/b><\/label><span class=\"wpcf7-form-control-wrap\" data-name=\"menu-80\"><select class=\"wpcf7-form-control wpcf7-select\" aria-invalid=\"false\" name=\"menu-80\"><option value=\"Do\u011fum G\u00fcn\u00fc\">Do\u011fum G\u00fcn\u00fc<\/option><option value=\"Vefat\">Vefat<\/option><option value=\"Y\u0131l D\u00f6n\u00fcm\u00fc\">Y\u0131l D\u00f6n\u00fcm\u00fc<\/option><option value=\"Ba\u015fsa\u011fl\u0131\u011f\u0131\">Ba\u015fsa\u011fl\u0131\u011f\u0131<\/option><option value=\"Y\u0131lba\u015f\u0131\">Y\u0131lba\u015f\u0131<\/option><option value=\"Baby Shower\">Baby Shower<\/option><option value=\"Mezuniyet\">Mezuniyet<\/option><option value=\"Atama\">Atama<\/option><option value=\"A\u00e7\u0131l\u0131\u015f\">A\u00e7\u0131l\u0131\u015f<\/option><option value=\"\u00d6\u011fretmenler G\u00fcn\u00fc\">\u00d6\u011fretmenler G\u00fcn\u00fc<\/option><option value=\"Kad\u0131nlar G\u00fcn\u00fc\">Kad\u0131nlar G\u00fcn\u00fc<\/option><option value=\"Anneler G\u00fcn\u00fc\">Anneler G\u00fcn\u00fc<\/option><option value=\"Sevgililer G\u00fcn\u00fc\">Sevgililer G\u00fcn\u00fc<\/option><option value=\"Kutlama\">Kutlama<\/option><option value=\"Y\u0131lba\u015f\u0131\">Y\u0131lba\u015f\u0131<\/option><option value=\"Evlilik Y\u0131l D\u00f6n\u00fcm\u00fc\">Evlilik Y\u0131l D\u00f6n\u00fcm\u00fc<\/option><option value=\"Di\u011fer\">Di\u011fer<\/option><\/select><\/span>\n\t<\/p>\n<\/div>\n<div class=\"row\">\n\t<p class=\"col-md-4\" style='margin-bottom:20px;'><label><b>Ba\u015fvuru Sahibi<\/b><\/label><span class=\"wpcf7-form-control-wrap\" data-name=\"your-name\"><input size=\"40\" maxlength=\"400\" class=\"wpcf7-form-control wpcf7-text wpcf7-validates-as-required\" aria-required=\"true\" aria-invalid=\"false\" value=\"\" type=\"text\" name=\"your-name\" \/><\/span>\n\t<\/p>\n\t<p class=\"col-md-4\" style='margin-bottom:20px;'><label><b>Telefon Numaras\u0131<\/b><\/label><span class=\"wpcf7-form-control-wrap\" data-name=\"tel-437\"><input size=\"40\" maxlength=\"400\" class=\"wpcf7-form-control wpcf7-tel wpcf7-validates-as-required wpcf7-text wpcf7-validates-as-tel\" aria-required=\"true\" aria-invalid=\"false\" value=\"\" type=\"tel\" name=\"tel-437\" \/><\/span>\n\t<\/p>\n\t<p class=\"col-md-4\" style='margin-bottom:20px;'><label><b>E-mail Adresi<\/b><\/label><span class=\"wpcf7-form-control-wrap\" data-name=\"email-695\"><input size=\"40\" maxlength=\"400\" class=\"wpcf7-form-control wpcf7-email wpcf7-validates-as-required wpcf7-text wpcf7-validates-as-email\" aria-required=\"true\" aria-invalid=\"false\" value=\"\" type=\"email\" name=\"email-695\" \/><\/span>\n\t<\/p>\n<\/div>\n<div class=\"row\">\n\t<p class=\"col-md-8\" style='margin-bottom:20px;'><label><b>KAMPANYA A\u00c7IKLAMASI<\/b><\/label><span class=\"wpcf7-form-control-wrap\" data-name=\"your-company\"><textarea cols=\"40\" rows=\"10\" maxlength=\"2000\" class=\"wpcf7-form-control wpcf7-textarea\" aria-invalid=\"false\" name=\"your-company\"><\/textarea><\/span>\n\t<\/p>\n<\/div>\n<p><label><b>KAMPANYA G\u00d6RSEL\u0130<\/b><\/label>\n<\/p>\n<div class=\"row\">\n\t<p class=\"col-md-4\" style='margin-bottom:20px;'><span class=\"wpcf7-form-control-wrap\" data-name=\"file-708\"><input size=\"40\" class=\"wpcf7-form-control wpcf7-file\" accept=\".jpg,.jpeg,.png\" aria-invalid=\"false\" type=\"file\" name=\"file-708\" \/><\/span>\n\t<\/p>\n\t<p class=\"col-md-8\" style='margin-bottom:20px;'><span class=\"wpcf7-form-control-wrap\" data-name=\"acceptance-202\"><span class=\"wpcf7-form-control wpcf7-acceptance\"><span class=\"wpcf7-list-item\"><label><input type=\"checkbox\" name=\"acceptance-202\" value=\"1\" aria-invalid=\"false\" \/><span class=\"wpcf7-list-item-label\">Kampanya G\u00f6rselini Vakf\u0131n olu\u015fturmas\u0131na izin ver<\/span><\/label><\/span><\/span><\/span>\n\t<\/p>\n<\/div>\n<p><label><b>KAMPANYANIN HEDEF\u0130<\/b><\/label>\n<\/p>\n<div class=\"row\">\n\t<p class=\"col-md-3\" style='margin-bottom:20px;'><span class=\"wpcf7-form-control-wrap\" data-name=\"your-name\"><input size=\"40\" maxlength=\"400\" class=\"wpcf7-form-control wpcf7-text wpcf7-validates-as-required\" aria-required=\"true\" aria-invalid=\"false\" value=\"\" type=\"text\" name=\"your-name\" \/><\/span>\n\t<\/p>\n\t<p class=\"col-md-6\" style='margin-bottom:20px;'><span class=\"wpcf7-form-control-wrap\" data-name=\"radio-840\"><span class=\"wpcf7-form-control wpcf7-radio\"><span class=\"wpcf7-list-item first\"><input type=\"radio\" name=\"radio-840\" value=\"TL\" \/><span class=\"wpcf7-list-item-label\">TL<\/span><\/span><span class=\"wpcf7-list-item\"><input type=\"radio\" name=\"radio-840\" value=\"DOLAR\" \/><span class=\"wpcf7-list-item-label\">DOLAR<\/span><\/span><span class=\"wpcf7-list-item last\"><input type=\"radio\" name=\"radio-840\" value=\"EURO\" \/><span class=\"wpcf7-list-item-label\">EURO<\/span><\/span><\/span><\/span>\n\t<\/p>\n<\/div>\n<div class=\"row\">\n\t<p class=\"col-md-6\" style='margin-bottom:20px;'><span class=\"wpcf7-form-control-wrap\" data-name=\"radio-841\"><span class=\"wpcf7-form-control wpcf7-radio\"><span class=\"wpcf7-list-item first\"><input type=\"radio\" name=\"radio-841\" value=\"Ba\u011f\u0131\u015f\u00e7\u0131 listesini herkes g\u00f6rebilir\" \/><span class=\"wpcf7-list-item-label\">Ba\u011f\u0131\u015f\u00e7\u0131 listesini herkes g\u00f6rebilir<\/span><\/span><span class=\"wpcf7-list-item last\"><input type=\"radio\" name=\"radio-841\" value=\"Ba\u011f\u0131\u015f\u00e7\u0131 listesini gizle\" \/><span class=\"wpcf7-list-item-label\">Ba\u011f\u0131\u015f\u00e7\u0131 listesini gizle<\/span><\/span><\/span><\/span>\n\t<\/p>\n<\/div>\n<div class=\"row\">\n\t<p class=\"col-md-12\" style='margin-bottom:20px;'><label>Hilful Fudul Vakf\u0131 taraf\u0131ndan g\u00f6nderilecek ticari elektronik iletiler i\u00e7in;<\/label>\n\t<\/p>\n\t<p class=\"col-md-12\" style='margin-bottom:20px;'><span class=\"wpcf7-form-control-wrap\" data-name=\"acceptance-202\"><span class=\"wpcf7-form-control wpcf7-acceptance\"><span class=\"wpcf7-list-item\"><label><input type=\"checkbox\" name=\"acceptance-202\" value=\"1\" aria-invalid=\"false\" \/><span class=\"wpcf7-list-item-label\">Telefonla ileti\u015fim izni veriyorum<\/span><\/label><\/span><\/span><\/span>\n\t<\/p>\n\t<p class=\"col-md-12\" style='margin-bottom:20px;'><span class=\"wpcf7-form-control-wrap\" data-name=\"acceptance-202\"><span class=\"wpcf7-form-control wpcf7-acceptance\"><span class=\"wpcf7-list-item\"><label><input type=\"checkbox\" name=\"acceptance-202\" value=\"1\" aria-invalid=\"false\" \/><span class=\"wpcf7-list-item-label\">SMS ile ileti\u015fim izni veriyorum<\/span><\/label><\/span><\/span><\/span>\n\t<\/p>\n\t<p class=\"col-md-12\" style='margin-bottom:20px;'><span class=\"wpcf7-form-control-wrap\" data-name=\"acceptance-202\"><span class=\"wpcf7-form-control wpcf7-acceptance\"><span class=\"wpcf7-list-item\"><label><input type=\"checkbox\" name=\"acceptance-202\" value=\"1\" aria-invalid=\"false\" \/><span class=\"wpcf7-list-item-label\">E-postayla ileti\u015fim izni veriyorum<\/span><\/label><\/span><\/span><\/span>\n\t<\/p>\n\t<p class=\"col-md-12\" style='margin-bottom:20px;'><span class=\"wpcf7-form-control-wrap\" data-name=\"acceptance-202\"><span class=\"wpcf7-form-control wpcf7-acceptance\"><span class=\"wpcf7-list-item\"><label><input type=\"checkbox\" name=\"acceptance-202\" value=\"1\" aria-invalid=\"false\" \/><span class=\"wpcf7-list-item-label\">Ki\u015fisel Verilerin Korunmas\u0131 ve G\u00f6n\u00fcll\u00fcl\u00fck Taah\u00fctnamesi'ni okudum ve kabul ediyorum.<\/span><\/label><\/span><\/span><\/span>\n\t<\/p>\n\t<p><input class=\"wpcf7-form-control wpcf7-submit has-spinner btn-color-black\" type=\"submit\" value=\"Submit\" \/>\n\t<\/p>\n<\/div><div class=\"wpcf7-response-output\" aria-hidden=\"true\"><\/div>\n<input type=\"hidden\" name=\"trp-form-language\" value=\"en\"\/><\/form>\n<\/div>\n\n\n    <div class=\"xs_social_share_widget xs_share_url after_content \t\tmain_content  wslu-style-1 wslu-share-box-shaped wslu-fill-colored wslu-none wslu-share-horizontal wslu-theme-font-no wslu-main_content\">\n\n\t\t\n        <ul>\n\t\t\t        <\/ul>\n    <\/div>","protected":false},"excerpt":{"rendered":"KAMPANYA ADI \u00d6ZEL G\u00dcN ETK\u0130NL\u0130\u011e\u0130N\u0130 SE\u00c7\u0130NDo\u011fum G\u00fcn\u00fcVefatY\u0131l D\u00f6n\u00fcm\u00fcBa\u015fsa\u011fl\u0131\u011f\u0131Y\u0131lba\u015f\u0131Baby ShowerMezuniyetAtamaA\u00e7\u0131l\u0131\u015f\u00d6\u011fretmenler G\u00fcn\u00fcKad\u0131nlar G\u00fcn\u00fcAnneler G\u00fcn\u00fcSevgililer G\u00fcn\u00fcKutlamaY\u0131lba\u015f\u0131Evlilik Y\u0131l D\u00f6n\u00fcm\u00fcDi\u011fer Ba\u015fvuru Sahibi Telefon Numaras\u0131 E-mail","protected":false},"author":1,"featured_media":0,"parent":0,"menu_order":0,"comment_status":"closed","ping_status":"closed","template":"","meta":{"give_campaign_id":0,"postBodyCss":"","postBodyMargin":[],"postBodyPadding":[],"postBodyBackground":{"backgroundType":"classic","gradient":""},"footnotes":""},"class_list":["post-10676","page","type-page","status-publish","hentry"],"yoast_head":"<!-- This site is optimized with the Yoast SEO Premium plugin v27.2 (Yoast SEO v27.2) - https:\/\/yoast.com\/product\/yoast-seo-premium-wordpress\/ -->\n<title>3 - HilfalFudul<\/title>\n<meta name=\"robots\" content=\"index, follow, max-snippet:-1, max-image-preview:large, max-video-preview:-1\" \/>\n<link rel=\"canonical\" href=\"https:\/\/hilfalfudul.org\/en\/3-2\/\" \/>\n<meta property=\"og:locale\" content=\"en_US\" \/>\n<meta property=\"og:type\" content=\"article\" \/>\n<meta property=\"og:title\" content=\"3\" \/>\n<meta property=\"og:url\" content=\"https:\/\/hilfalfudul.org\/en\/3-2\/\" \/>\n<meta property=\"og:site_name\" content=\"HilfalFudul\" \/>\n<meta property=\"article:modified_time\" content=\"2025-09-04T22:13:15+00:00\" \/>\n<meta name=\"twitter:card\" content=\"summary_large_image\" \/>\n<script type=\"application\/ld+json\" class=\"yoast-schema-graph\">{\"@context\":\"https:\/\/schema.org\",\"@graph\":[{\"@type\":\"WebPage\",\"@id\":\"https:\/\/hilfalfudul.org\/3-2\/\",\"url\":\"https:\/\/hilfalfudul.org\/3-2\/\",\"name\":\"3 - HilfalFudul\",\"isPartOf\":{\"@id\":\"https:\/\/hilfalfudul.org\/#website\"},\"datePublished\":\"2025-09-04T22:13:14+00:00\",\"dateModified\":\"2025-09-04T22:13:15+00:00\",\"breadcrumb\":{\"@id\":\"https:\/\/hilfalfudul.org\/3-2\/#breadcrumb\"},\"inLanguage\":\"en-US\",\"potentialAction\":[{\"@type\":\"ReadAction\",\"target\":[\"https:\/\/hilfalfudul.org\/3-2\/\"]}]},{\"@type\":\"BreadcrumbList\",\"@id\":\"https:\/\/hilfalfudul.org\/3-2\/#breadcrumb\",\"itemListElement\":[{\"@type\":\"ListItem\",\"position\":1,\"name\":\"Home\",\"item\":\"https:\/\/hilfalfudul.org\/\"},{\"@type\":\"ListItem\",\"position\":2,\"name\":\"3\"}]},{\"@type\":\"WebSite\",\"@id\":\"https:\/\/hilfalfudul.org\/#website\",\"url\":\"https:\/\/hilfalfudul.org\/\",\"name\":\"HilfalFudul\",\"description\":\"Umudu Ya\u015fat!\",\"publisher\":{\"@id\":\"https:\/\/hilfalfudul.org\/#organization\"},\"potentialAction\":[{\"@type\":\"SearchAction\",\"target\":{\"@type\":\"EntryPoint\",\"urlTemplate\":\"https:\/\/hilfalfudul.org\/?s={search_term_string}\"},\"query-input\":{\"@type\":\"PropertyValueSpecification\",\"valueRequired\":true,\"valueName\":\"search_term_string\"}}],\"inLanguage\":\"en-US\"},{\"@type\":\"Organization\",\"@id\":\"https:\/\/hilfalfudul.org\/#organization\",\"name\":\"HilfalFudul\",\"url\":\"https:\/\/hilfalfudul.org\/\",\"logo\":{\"@type\":\"ImageObject\",\"inLanguage\":\"en-US\",\"@id\":\"https:\/\/hilfalfudul.org\/#\/schema\/logo\/image\/\",\"url\":\"http:\/\/hilfalfudul.org\/wp-content\/uploads\/2025\/07\/phone-2.svg\",\"contentUrl\":\"http:\/\/hilfalfudul.org\/wp-content\/uploads\/2025\/07\/phone-2.svg\",\"width\":467,\"height\":132,\"caption\":\"HilfalFudul\"},\"image\":{\"@id\":\"https:\/\/hilfalfudul.org\/#\/schema\/logo\/image\/\"},\"sameAs\":[\"https:\/\/www.instagram.com\/hilfalfudulfoundation\/\"]}]}<\/script>\n<!-- \/ Yoast SEO Premium plugin. -->","yoast_head_json":{"title":"3 - HilfalFudul","robots":{"index":"index","follow":"follow","max-snippet":"max-snippet:-1","max-image-preview":"max-image-preview:large","max-video-preview":"max-video-preview:-1"},"canonical":"https:\/\/hilfalfudul.org\/en\/3-2\/","og_locale":"en_US","og_type":"article","og_title":"3","og_url":"https:\/\/hilfalfudul.org\/en\/3-2\/","og_site_name":"HilfalFudul","article_modified_time":"2025-09-04T22:13:15+00:00","twitter_card":"summary_large_image","schema":{"@context":"https:\/\/schema.org","@graph":[{"@type":"WebPage","@id":"https:\/\/hilfalfudul.org\/3-2\/","url":"https:\/\/hilfalfudul.org\/3-2\/","name":"3 - HilfalFudul","isPartOf":{"@id":"https:\/\/hilfalfudul.org\/#website"},"datePublished":"2025-09-04T22:13:14+00:00","dateModified":"2025-09-04T22:13:15+00:00","breadcrumb":{"@id":"https:\/\/hilfalfudul.org\/3-2\/#breadcrumb"},"inLanguage":"en-US","potentialAction":[{"@type":"ReadAction","target":["https:\/\/hilfalfudul.org\/3-2\/"]}]},{"@type":"BreadcrumbList","@id":"https:\/\/hilfalfudul.org\/3-2\/#breadcrumb","itemListElement":[{"@type":"ListItem","position":1,"name":"Home","item":"https:\/\/hilfalfudul.org\/"},{"@type":"ListItem","position":2,"name":"3"}]},{"@type":"WebSite","@id":"https:\/\/hilfalfudul.org\/#website","url":"https:\/\/hilfalfudul.org\/","name":"HilfalFudul","description":"Umudu Ya\u015fat!","publisher":{"@id":"https:\/\/hilfalfudul.org\/#organization"},"potentialAction":[{"@type":"SearchAction","target":{"@type":"EntryPoint","urlTemplate":"https:\/\/hilfalfudul.org\/?s={search_term_string}"},"query-input":{"@type":"PropertyValueSpecification","valueRequired":true,"valueName":"search_term_string"}}],"inLanguage":"en-US"},{"@type":"Organization","@id":"https:\/\/hilfalfudul.org\/#organization","name":"HilfalFudul","url":"https:\/\/hilfalfudul.org\/","logo":{"@type":"ImageObject","inLanguage":"en-US","@id":"https:\/\/hilfalfudul.org\/#\/schema\/logo\/image\/","url":"http:\/\/hilfalfudul.org\/wp-content\/uploads\/2025\/07\/phone-2.svg","contentUrl":"http:\/\/hilfalfudul.org\/wp-content\/uploads\/2025\/07\/phone-2.svg","width":467,"height":132,"caption":"HilfalFudul"},"image":{"@id":"https:\/\/hilfalfudul.org\/#\/schema\/logo\/image\/"},"sameAs":["https:\/\/www.instagram.com\/hilfalfudulfoundation\/"]}]}},"campaignId":"","_links":{"self":[{"href":"https:\/\/hilfalfudul.org\/en\/wp-json\/wp\/v2\/pages\/10676","targetHints":{"allow":["GET"]}}],"collection":[{"href":"https:\/\/hilfalfudul.org\/en\/wp-json\/wp\/v2\/pages"}],"about":[{"href":"https:\/\/hilfalfudul.org\/en\/wp-json\/wp\/v2\/types\/page"}],"author":[{"embeddable":true,"href":"https:\/\/hilfalfudul.org\/en\/wp-json\/wp\/v2\/users\/1"}],"replies":[{"embeddable":true,"href":"https:\/\/hilfalfudul.org\/en\/wp-json\/wp\/v2\/comments?post=10676"}],"version-history":[{"count":1,"href":"https:\/\/hilfalfudul.org\/en\/wp-json\/wp\/v2\/pages\/10676\/revisions"}],"predecessor-version":[{"id":10677,"href":"https:\/\/hilfalfudul.org\/en\/wp-json\/wp\/v2\/pages\/10676\/revisions\/10677"}],"wp:attachment":[{"href":"https:\/\/hilfalfudul.org\/en\/wp-json\/wp\/v2\/media?parent=10676"}],"curies":[{"name":"wp","href":"https:\/\/api.w.org\/{rel}","templated":true}]}}