{"id":9875,"date":"2024-05-28T14:50:55","date_gmt":"2024-05-28T11:50:55","guid":{"rendered":"https:\/\/hilfalfudul.org\/?page_id=9875"},"modified":"2025-10-26T03:53:10","modified_gmt":"2025-10-26T00:53:10","slug":"about-us","status":"publish","type":"page","link":"https:\/\/hilfalfudul.org\/en\/about-us\/","title":{"rendered":"About Us"},"content":{"rendered":"<div class=\"wpb-content-wrapper\"><div class=\"vc_row wpb_row vc_row-fluid vc_custom_1716895891199 wd-rs-6655c08985a0c wd-section-stretch-content\"><div class=\"wpb_column vc_column_container vc_col-sm-12 vc_col-lg-offset-2 vc_col-lg-8 vc_col-md-offset-2 vc_col-md-8 vc_col-sm-offset-0\"><div class=\"vc_column-inner vc_custom_1499599304156\"><div class=\"wpb_wrapper\">\n\t\t<div id=\"wd-6655c4d7101a0\" class=\"title-wrapper wd-wpb wd-set-mb reset-last-child  wd-rs-6655c4d7101a0 wd-title-color-default wd-title-style-default text-left\">\n\t\t\t\n\t\t\t<div class=\"liner-continer\">\n\t\t\t\t<h4 class=\"woodmart-title-container title  wd-font-weight- wd-fontsize-xxl\" >ABOUT US<\/h4>\n\t\t\t\t\t\t\t<\/div>\n\t\t\t\n\t\t\t\n\t\t\t\n\t\t<\/div>\n\t\t\n\t\t<div class=\"vc_row wpb_row vc_inner vc_row-fluid\"><div class=\"wpb_column vc_column_container vc_col-sm-12\"><div class=\"vc_column-inner vc_custom_1494857398526\"><div class=\"wpb_wrapper\">\t\t<div id=\"wd-66e1769bd9b3f\" class=\"wd-text-block wd-wpb reset-last-child wd-rs-66e1769bd9b3f text-left wd-fontsize-m vc_custom_1726051998860\">\n\t\t\t<p class=\"wow fadeInUp animated\">The Hilful Fudul agreement, the most important and most virtuous agreement among the Arabs of the Jahiliyya period, is a very important event in the context of human rights. The desire to live a peaceful and prosperous life in the universe has always been one of the most fundamental goals of humanity. For this reason, every human being has the right to live, to acquire property, to education, to freedom of thought, conscience and religion, etc., which are essential for human beings to live humanely. However, one of the most obvious reasons that prevent the achievement of these goals is the injustices and persecutions that human beings are subjected to from time to time. While these oppressions have made life unbearable, they have led to many struggles inspired by divine religions and human systems.<\/p>\n<p class=\"wow fadeInUp animated\">The way to bring humanity to a better future is to prevent oppression and establish a just order. Divine religions and human systems have made efforts to ensure that human beings live in accordance with human dignity. The ideas that make human beings human have never approved of injustice and oppression. Therefore, ensuring justice and ending oppression are vital for the development of societies and the progress of humanity.<\/p>\n<p class=\"wow fadeInUp animated\">The reflections of Hilful Fudul, which is almost hidden in provisions such as the importance of the existence of a community that calls for good and forbids evil, that no sinner should bear the sins of others, that neither oppression nor oppression should be done, and that those who remain silent in the face of injustice and oppression will be the dumb devil, are often heartbreaking. It is an inescapable fact that we need civil initiatives to eliminate these problems today.<\/p>\n<p class=\"wow fadeInUp animated\">Every person with a good conscience should practice the principle of \u201cstanding against all oppressors, no matter how strong they are, and always siding with the oppressed, no matter how weak and powerless they are\u201d in their lives. Therefore, against the oppression, torture, violation of rights and bloodshed taking place in the world, Muslims should come together with non-Muslims and take the necessary measures and provide material and moral support and assistance to the people in need in the fields of education, health, livelihood, sustenance, social, economic, artistic and cultural fields.<\/p>\n<p class=\"wow fadeInUp animated\">The fact that the Prophet Muhammad, the Prophet of Islam, joined the Hilful Fudul organization formed by the pagan Meccans without hesitation when he was invited to do so, and that he would have joined if he had been invited to do so after he became a prophet, and that he accepted all the decisions taken in that society, sets an example for us today by reminding us how important it is to serve humanity, defend justice and fulfill social responsibilities.<\/p>\n<p class=\"wow fadeInUp animated\">An understanding full of injustice that disrupts the social order and presents tyranny with various attractive names and justifications constitutes a modern version of the concept of oppression. The civil reaction of virtuous people with different worldviews against this understanding can be called Hilful Fudul (Pact\/Oath of the Virtuous). This is the expression of the solidarity of those struggling for a better future for humanity, coming together for the protection of justice and human rights. In a sense, Hilful Fudul is the embodiment of the struggle for justice against oppression and injustice by valuing human beings as human beings, forming common unions with virtuous and moral people regardless of religion, language and race, and mobilizing the common conscience of humanity.<\/p>\n<p class=\"wow fadeInUp animated\">A common attitude must be adopted to prevent oppression, without discrimination between Muslims and non-Muslims. It is the duty of every human being to help all those who are oppressed by being deprived of their rights to life, property, education, freedom of thought, conscience and religion, which are fundamental for human beings to live humanely, and to create institutions to fulfill these duties. We believe that all of humanity should stand against discord, oppression and conflict, and on the side of order, justice, consultation, alliance and cooperation. Therefore, it is the duty of all Muslims to come together with people from all different segments of society within the framework of legitimate principles in order to protect human rights.<\/p>\n<p class=\"wow fadeInUp animated\">Today, we must act in the light of these values and work for a fairer, more equitable and more humane world. Each of us must defend justice and humanitarian values in our own environment and society, stand against oppression and fight for a livable world. Only in this way can we realize the common goal of humanity: a peaceful and prosperous life.<\/p>\n<p class=\"wow fadeInUp animated\">Thus, in order for justice and goodness to prevail on earth, with the awareness of universal brotherhood, regardless of religion, language, race, gender and similar discrimination, without discriminating religion, language, race, gender and so on, in the face of injustice, oppression, injustice and oppression experienced in the world, to come together and provide a dignified life by delivering the humanitarian aid they need to all needy and oppressed people wherever they are, To prevent all kinds of policies and activities that make people helpless and oppressed, to carry out the necessary work to ensure that the fundamental rights and freedoms of all human beings are not violated, to keep goodness alive everywhere at all times by ensuring that the values that do not change in a changing world are kept alive, and to revive the mission of the Hilful Fudul community before the century of bliss in today's modern world and to revive the mission of the Islamic prophet Hz. The name of the Hilfu'l Fudul Society was given to our foundation, which was established in order to reopen the formation, which Muhammad expressed that he would be happy and honored to be in such a formation when he was called in the post-Islamic period as well as in the pre-Islamic period, to all humanity and to continue it in a manner worthy of its name.<\/p>\n\t\t<\/div>\n\t\t<div class=\"vc_separator wpb_content_element vc_separator_align_center vc_sep_width_100 vc_sep_pos_align_center vc_separator_no_text vc_custom_1499600318751\" ><span class=\"vc_sep_holder vc_sep_holder_l\"><span style=\"border-color:rgb(10,10,10);border-color:rgba(10,10,10,0.12);\" class=\"vc_sep_line\"><\/span><\/span><span class=\"vc_sep_holder vc_sep_holder_r\"><span style=\"border-color:rgb(10,10,10);border-color:rgba(10,10,10,0.12);\" class=\"vc_sep_line\"><\/span><\/span>\n<\/div><\/div><\/div><\/div><\/div><\/div><\/div><\/div><\/div>\n\n    <div class=\"xs_social_share_widget xs_share_url after_content \t\tmain_content  wslu-style-1 wslu-share-box-shaped wslu-fill-colored wslu-none wslu-share-horizontal wslu-theme-font-no wslu-main_content\">\n\n\t\t\n        <ul>\n\t\t\t        <\/ul>\n    <\/div> \n<\/div>","protected":false},"excerpt":{"rendered":"HAKKIMIZDA Cahiliye D\u00f6nemi Araplar\u0131 aras\u0131nda ger\u00e7ekle\u015fen en \u00f6nemli ve en faziletli s\u00f6zle\u015fme olan Hilful Fudul s\u00f6zle\u015fmesi, insan haklar\u0131 ba\u011flam\u0131nda bak\u0131ld\u0131\u011f\u0131nda","protected":false},"author":1,"featured_media":0,"parent":0,"menu_order":0,"comment_status":"closed","ping_status":"closed","template":"","meta":{"give_campaign_id":0,"postBodyCss":"","postBodyMargin":[],"postBodyPadding":[],"postBodyBackground":{"backgroundType":"classic","gradient":""},"footnotes":""},"class_list":["post-9875","page","type-page","status-publish","hentry"],"yoast_head":"<!-- This site is optimized with the Yoast SEO Premium plugin v27.2 (Yoast SEO v27.2) - https:\/\/yoast.com\/product\/yoast-seo-premium-wordpress\/ -->\n<title>Hakk\u0131m\u0131zda - HilfalFudul<\/title>\n<meta name=\"robots\" content=\"index, follow, max-snippet:-1, max-image-preview:large, max-video-preview:-1\" \/>\n<link rel=\"canonical\" href=\"https:\/\/hilfalfudul.org\/en\/about-us\/\" \/>\n<meta property=\"og:locale\" content=\"en_US\" \/>\n<meta property=\"og:type\" content=\"article\" \/>\n<meta property=\"og:title\" content=\"Hakk\u0131m\u0131zda\" \/>\n<meta property=\"og:url\" content=\"https:\/\/hilfalfudul.org\/en\/about-us\/\" \/>\n<meta property=\"og:site_name\" content=\"HilfalFudul\" \/>\n<meta property=\"article:modified_time\" content=\"2025-10-26T00:53:10+00:00\" \/>\n<meta name=\"twitter:card\" content=\"summary_large_image\" \/>\n<meta name=\"twitter:label1\" content=\"Est. reading time\" \/>\n\t<meta name=\"twitter:data1\" content=\"7 minutes\" \/>\n<script type=\"application\/ld+json\" class=\"yoast-schema-graph\">{\"@context\":\"https:\/\/schema.org\",\"@graph\":[{\"@type\":\"WebPage\",\"@id\":\"https:\/\/hilfalfudul.org\/about-us\/\",\"url\":\"https:\/\/hilfalfudul.org\/about-us\/\",\"name\":\"Hakk\u0131m\u0131zda - HilfalFudul\",\"isPartOf\":{\"@id\":\"https:\/\/hilfalfudul.org\/#website\"},\"datePublished\":\"2024-05-28T11:50:55+00:00\",\"dateModified\":\"2025-10-26T00:53:10+00:00\",\"breadcrumb\":{\"@id\":\"https:\/\/hilfalfudul.org\/about-us\/#breadcrumb\"},\"inLanguage\":\"en-US\",\"potentialAction\":[{\"@type\":\"ReadAction\",\"target\":[\"https:\/\/hilfalfudul.org\/about-us\/\"]}]},{\"@type\":\"BreadcrumbList\",\"@id\":\"https:\/\/hilfalfudul.org\/about-us\/#breadcrumb\",\"itemListElement\":[{\"@type\":\"ListItem\",\"position\":1,\"name\":\"Home\",\"item\":\"https:\/\/hilfalfudul.org\/\"},{\"@type\":\"ListItem\",\"position\":2,\"name\":\"Hakk\u0131m\u0131zda\"}]},{\"@type\":\"WebSite\",\"@id\":\"https:\/\/hilfalfudul.org\/#website\",\"url\":\"https:\/\/hilfalfudul.org\/\",\"name\":\"HilfalFudul\",\"description\":\"Umudu Ya\u015fat!\",\"publisher\":{\"@id\":\"https:\/\/hilfalfudul.org\/#organization\"},\"potentialAction\":[{\"@type\":\"SearchAction\",\"target\":{\"@type\":\"EntryPoint\",\"urlTemplate\":\"https:\/\/hilfalfudul.org\/?s={search_term_string}\"},\"query-input\":{\"@type\":\"PropertyValueSpecification\",\"valueRequired\":true,\"valueName\":\"search_term_string\"}}],\"inLanguage\":\"en-US\"},{\"@type\":\"Organization\",\"@id\":\"https:\/\/hilfalfudul.org\/#organization\",\"name\":\"HilfalFudul\",\"url\":\"https:\/\/hilfalfudul.org\/\",\"logo\":{\"@type\":\"ImageObject\",\"inLanguage\":\"en-US\",\"@id\":\"https:\/\/hilfalfudul.org\/#\/schema\/logo\/image\/\",\"url\":\"http:\/\/hilfalfudul.org\/wp-content\/uploads\/2025\/07\/phone-2.svg\",\"contentUrl\":\"http:\/\/hilfalfudul.org\/wp-content\/uploads\/2025\/07\/phone-2.svg\",\"width\":467,\"height\":132,\"caption\":\"HilfalFudul\"},\"image\":{\"@id\":\"https:\/\/hilfalfudul.org\/#\/schema\/logo\/image\/\"},\"sameAs\":[\"https:\/\/www.instagram.com\/hilfalfudulfoundation\/\"]}]}<\/script>\n<!-- \/ Yoast SEO Premium plugin. -->","yoast_head_json":{"title":"Hakk\u0131m\u0131zda - HilfalFudul","robots":{"index":"index","follow":"follow","max-snippet":"max-snippet:-1","max-image-preview":"max-image-preview:large","max-video-preview":"max-video-preview:-1"},"canonical":"https:\/\/hilfalfudul.org\/en\/about-us\/","og_locale":"en_US","og_type":"article","og_title":"Hakk\u0131m\u0131zda","og_url":"https:\/\/hilfalfudul.org\/en\/about-us\/","og_site_name":"HilfalFudul","article_modified_time":"2025-10-26T00:53:10+00:00","twitter_card":"summary_large_image","twitter_misc":{"Est. reading time":"7 minutes"},"schema":{"@context":"https:\/\/schema.org","@graph":[{"@type":"WebPage","@id":"https:\/\/hilfalfudul.org\/about-us\/","url":"https:\/\/hilfalfudul.org\/about-us\/","name":"Hakk\u0131m\u0131zda - HilfalFudul","isPartOf":{"@id":"https:\/\/hilfalfudul.org\/#website"},"datePublished":"2024-05-28T11:50:55+00:00","dateModified":"2025-10-26T00:53:10+00:00","breadcrumb":{"@id":"https:\/\/hilfalfudul.org\/about-us\/#breadcrumb"},"inLanguage":"en-US","potentialAction":[{"@type":"ReadAction","target":["https:\/\/hilfalfudul.org\/about-us\/"]}]},{"@type":"BreadcrumbList","@id":"https:\/\/hilfalfudul.org\/about-us\/#breadcrumb","itemListElement":[{"@type":"ListItem","position":1,"name":"Home","item":"https:\/\/hilfalfudul.org\/"},{"@type":"ListItem","position":2,"name":"Hakk\u0131m\u0131zda"}]},{"@type":"WebSite","@id":"https:\/\/hilfalfudul.org\/#website","url":"https:\/\/hilfalfudul.org\/","name":"HilfalFudul","description":"Umudu Ya\u015fat!","publisher":{"@id":"https:\/\/hilfalfudul.org\/#organization"},"potentialAction":[{"@type":"SearchAction","target":{"@type":"EntryPoint","urlTemplate":"https:\/\/hilfalfudul.org\/?s={search_term_string}"},"query-input":{"@type":"PropertyValueSpecification","valueRequired":true,"valueName":"search_term_string"}}],"inLanguage":"en-US"},{"@type":"Organization","@id":"https:\/\/hilfalfudul.org\/#organization","name":"HilfalFudul","url":"https:\/\/hilfalfudul.org\/","logo":{"@type":"ImageObject","inLanguage":"en-US","@id":"https:\/\/hilfalfudul.org\/#\/schema\/logo\/image\/","url":"http:\/\/hilfalfudul.org\/wp-content\/uploads\/2025\/07\/phone-2.svg","contentUrl":"http:\/\/hilfalfudul.org\/wp-content\/uploads\/2025\/07\/phone-2.svg","width":467,"height":132,"caption":"HilfalFudul"},"image":{"@id":"https:\/\/hilfalfudul.org\/#\/schema\/logo\/image\/"},"sameAs":["https:\/\/www.instagram.com\/hilfalfudulfoundation\/"]}]}},"campaignId":"","_links":{"self":[{"href":"https:\/\/hilfalfudul.org\/en\/wp-json\/wp\/v2\/pages\/9875","targetHints":{"allow":["GET"]}}],"collection":[{"href":"https:\/\/hilfalfudul.org\/en\/wp-json\/wp\/v2\/pages"}],"about":[{"href":"https:\/\/hilfalfudul.org\/en\/wp-json\/wp\/v2\/types\/page"}],"author":[{"embeddable":true,"href":"https:\/\/hilfalfudul.org\/en\/wp-json\/wp\/v2\/users\/1"}],"replies":[{"embeddable":true,"href":"https:\/\/hilfalfudul.org\/en\/wp-json\/wp\/v2\/comments?post=9875"}],"version-history":[{"count":4,"href":"https:\/\/hilfalfudul.org\/en\/wp-json\/wp\/v2\/pages\/9875\/revisions"}],"predecessor-version":[{"id":10713,"href":"https:\/\/hilfalfudul.org\/en\/wp-json\/wp\/v2\/pages\/9875\/revisions\/10713"}],"wp:attachment":[{"href":"https:\/\/hilfalfudul.org\/en\/wp-json\/wp\/v2\/media?parent=9875"}],"curies":[{"name":"wp","href":"https:\/\/api.w.org\/{rel}","templated":true}]}}