{"id":9878,"date":"2024-05-28T14:54:07","date_gmt":"2024-05-28T11:54:07","guid":{"rendered":"https:\/\/hilfalfudul.org\/?page_id=9878"},"modified":"2025-10-26T03:54:04","modified_gmt":"2025-10-26T00:54:04","slug":"what-is-hilf-al-fudul","status":"publish","type":"page","link":"https:\/\/hilfalfudul.org\/en\/what-is-hilf-al-fudul\/","title":{"rendered":"Hilful Fudul Ne Demek"},"content":{"rendered":"<div class=\"wpb-content-wrapper\"><div class=\"vc_row wpb_row vc_row-fluid vc_custom_1716895891199 wd-rs-6655c08985a0c wd-section-stretch-content\"><div class=\"wpb_column vc_column_container vc_col-sm-12 vc_col-lg-offset-2 vc_col-lg-8 vc_col-md-offset-2 vc_col-md-8 vc_col-sm-offset-0\"><div class=\"vc_column-inner vc_custom_1499599304156\"><div class=\"wpb_wrapper\">\n\t\t<div id=\"wd-6655c5e714124\" class=\"title-wrapper wd-wpb wd-set-mb reset-last-child  wd-rs-6655c5e714124 wd-title-color-default wd-title-style-default text-left\">\n\t\t\t\n\t\t\t<div class=\"liner-continer\">\n\t\t\t\t<h4 class=\"woodmart-title-container title  wd-font-weight- wd-fontsize-xxl\" >What does Hilful Fudul mean?<\/h4>\n\t\t\t\t\t\t\t<\/div>\n\t\t\t\n\t\t\t\n\t\t\t\n\t\t<\/div>\n\t\t\n\t\t<div class=\"vc_row wpb_row vc_inner vc_row-fluid\"><div class=\"wpb_column vc_column_container vc_col-sm-12\"><div class=\"vc_column-inner vc_custom_1494857398526\"><div class=\"wpb_wrapper\">\t\t<div id=\"wd-66e177638a3ea\" class=\"wd-text-block wd-wpb reset-last-child wd-rs-66e177638a3ea text-left wd-fontsize-m vc_custom_1726052219295\">\n\t\t\t<p class=\"no-bottom\">In the dictionary, the Arabic word \u201c\u1e25ilf\u201d (\u062d\u0650\u0644\u0641) means agreement, alliance, pact, federation, contract, or oath. Its plural form is \u201ca\u1e25l\u0101f\u201d (\u0623\u062d\u0644\u0627\u0641). <sup id=\"cite_ref-urry2017a_1-4\" class=\"reference\">1<\/sup> As a term, it refers to the agreements and alliances made during the **Jahiliyyah Period** by Arab tribes or individuals for the purposes of **mutual assistance, solidarity, and protection**.\n\nThe word **\u201cfa\u1e0dl\u201d (\u0641\u064e\u0636\u0652\u0644)** in the dictionary means *excess, surplus, remainder, superiority, goodness, grace, generosity, kindness, virtue, nobility,* and *wisdom.* Its plural form is **\u201cfu\u1e0d\u016bl\u201d (\u0641\u064f\u0636\u064f\u0648\u0644)**. <sup id=\"cite_ref-urry2017a_1-4\" class=\"reference\">2<\/sup> In this context, the term \u201c\u1e24ilf al-Fu\u1e0d\u016bl \u2013 \u062d\u0650\u0644\u0641\u064f \u0627\u0644\u0641\u064f\u0636\u0648\u0644\u0650\u201d, used as a compound expression, can be translated as \u201cthe Pact of the Virtuous\u201d or \u201cthe Oath of the Men of Honor.\u201d<\/p>\n<p class=\"no-bottom\">In a sense, Hilf al-Fudul represents the embodiment of valuing human beings simply as humans \u2014 forming alliances with virtuous and moral individuals regardless of religion, language, or race \u2014 and awakening the collective conscience of humanity to stand together in the struggle for justice against oppression and injustice.<\/p>\n\t\t<\/div>\n\t\t\t\t<div id=\"wd-66e17782701c0\" class=\"wd-text-block wd-wpb reset-last-child wd-rs-66e17782701c0 text-left\">\n\t\t\t<blockquote><p>\n<sup id=\"cite_ref-urry2017a_1-4\" class=\"reference\">1<\/sup> Cevher\u00ee, (Eb\u00fb Nasr \u0130smail b. Hamm\u00e2d), T\u00e2cu\u2019l-Lu\u011fa, I-II, 1382, II, 16; el-\u0130sfeh\u00e2n\u00ee, R\u00e2g\u0131p, Mu\u2018cemu Mufred\u00e2ti Elf\u00e2z\u0131\u2019l-Kuran, n\u015fr. Ned\u00eem Mara\u015fl\u0131, D\u00e2ru\u2019l-Katibi\u2019l-\u2018Aza, tsz, s.128; ez-Zeb\u00eed\u00ee, (Muhibuddin Eb\u00fb Feyz), T\u00e2cu\u2019l-Ar\u00fbs Min Cev\u00e2hiri\u2019l-Kamus, I-X, D\u00e2ru\u2019l-Fikr, 1308, VI, 75.<br \/>\n<sup id=\"cite_ref-urry2017a_1-4\" class=\"reference\">2<\/sup> \u0130bn Manz\u00fbr, Lis\u00e2nu\u2019l-Arab, XI, 525; Zeb\u00eed\u00ee, T\u00e2cu\u2019l-Ar\u00fbs Min Cev\u00e2hiri\u2019l-Kamus, VIII, 61; \u00c2s\u0131m Efendi, Kamus Tercemesi, I-IV, \u0130stanbul, 1305, IV, 27.\n<\/p><\/blockquote>\n\t\t<\/div>\n\t\t<\/div><\/div><\/div><\/div><\/div><\/div><\/div><\/div>\n\n    <div class=\"xs_social_share_widget xs_share_url after_content \t\tmain_content  wslu-style-1 wslu-share-box-shaped wslu-fill-colored wslu-none wslu-share-horizontal wslu-theme-font-no wslu-main_content\">\n\n\t\t\n        <ul>\n\t\t\t        <\/ul>\n    <\/div> \n<\/div>","protected":false},"excerpt":{"rendered":"Hilful Fudul Ne Demek? S\u00f6zl\u00fckte \u201cantla\u015fma, ittifak, pakt, federasyon, akit, yemin\u201d anlamlar\u0131na gelen \u201c hilf - \u062d\u0644\u0641\u201d kelimesinin \u00e7o\u011fulu \u201cahl\u00e2f","protected":false},"author":1,"featured_media":0,"parent":0,"menu_order":0,"comment_status":"closed","ping_status":"closed","template":"","meta":{"give_campaign_id":0,"postBodyCss":"","postBodyMargin":[],"postBodyPadding":[],"postBodyBackground":{"backgroundType":"classic","gradient":""},"footnotes":""},"class_list":["post-9878","page","type-page","status-publish","hentry"],"yoast_head":"<!-- This site is optimized with the Yoast SEO Premium plugin v27.2 (Yoast SEO v27.2) - https:\/\/yoast.com\/product\/yoast-seo-premium-wordpress\/ -->\n<title>Hilful Fudul Ne Demek - HilfalFudul<\/title>\n<meta name=\"robots\" content=\"index, follow, max-snippet:-1, max-image-preview:large, max-video-preview:-1\" \/>\n<link rel=\"canonical\" href=\"https:\/\/hilfalfudul.org\/en\/what-is-hilf-al-fudul\/\" \/>\n<meta property=\"og:locale\" content=\"en_US\" \/>\n<meta property=\"og:type\" content=\"article\" \/>\n<meta property=\"og:title\" content=\"Hilful Fudul Ne Demek\" \/>\n<meta property=\"og:url\" content=\"https:\/\/hilfalfudul.org\/en\/what-is-hilf-al-fudul\/\" \/>\n<meta property=\"og:site_name\" content=\"HilfalFudul\" \/>\n<meta property=\"article:modified_time\" content=\"2025-10-26T00:54:04+00:00\" \/>\n<meta name=\"twitter:card\" content=\"summary_large_image\" \/>\n<meta name=\"twitter:label1\" content=\"Est. reading time\" \/>\n\t<meta name=\"twitter:data1\" content=\"3 minutes\" \/>\n<script type=\"application\/ld+json\" class=\"yoast-schema-graph\">{\"@context\":\"https:\/\/schema.org\",\"@graph\":[{\"@type\":\"WebPage\",\"@id\":\"https:\/\/hilfalfudul.org\/what-is-hilf-al-fudul\/\",\"url\":\"https:\/\/hilfalfudul.org\/what-is-hilf-al-fudul\/\",\"name\":\"Hilful Fudul Ne Demek - HilfalFudul\",\"isPartOf\":{\"@id\":\"https:\/\/hilfalfudul.org\/#website\"},\"datePublished\":\"2024-05-28T11:54:07+00:00\",\"dateModified\":\"2025-10-26T00:54:04+00:00\",\"breadcrumb\":{\"@id\":\"https:\/\/hilfalfudul.org\/what-is-hilf-al-fudul\/#breadcrumb\"},\"inLanguage\":\"en-US\",\"potentialAction\":[{\"@type\":\"ReadAction\",\"target\":[\"https:\/\/hilfalfudul.org\/what-is-hilf-al-fudul\/\"]}]},{\"@type\":\"BreadcrumbList\",\"@id\":\"https:\/\/hilfalfudul.org\/what-is-hilf-al-fudul\/#breadcrumb\",\"itemListElement\":[{\"@type\":\"ListItem\",\"position\":1,\"name\":\"Home\",\"item\":\"https:\/\/hilfalfudul.org\/\"},{\"@type\":\"ListItem\",\"position\":2,\"name\":\"Hilful Fudul Ne Demek\"}]},{\"@type\":\"WebSite\",\"@id\":\"https:\/\/hilfalfudul.org\/#website\",\"url\":\"https:\/\/hilfalfudul.org\/\",\"name\":\"HilfalFudul\",\"description\":\"Umudu Ya\u015fat!\",\"publisher\":{\"@id\":\"https:\/\/hilfalfudul.org\/#organization\"},\"potentialAction\":[{\"@type\":\"SearchAction\",\"target\":{\"@type\":\"EntryPoint\",\"urlTemplate\":\"https:\/\/hilfalfudul.org\/?s={search_term_string}\"},\"query-input\":{\"@type\":\"PropertyValueSpecification\",\"valueRequired\":true,\"valueName\":\"search_term_string\"}}],\"inLanguage\":\"en-US\"},{\"@type\":\"Organization\",\"@id\":\"https:\/\/hilfalfudul.org\/#organization\",\"name\":\"HilfalFudul\",\"url\":\"https:\/\/hilfalfudul.org\/\",\"logo\":{\"@type\":\"ImageObject\",\"inLanguage\":\"en-US\",\"@id\":\"https:\/\/hilfalfudul.org\/#\/schema\/logo\/image\/\",\"url\":\"http:\/\/hilfalfudul.org\/wp-content\/uploads\/2025\/07\/phone-2.svg\",\"contentUrl\":\"http:\/\/hilfalfudul.org\/wp-content\/uploads\/2025\/07\/phone-2.svg\",\"width\":467,\"height\":132,\"caption\":\"HilfalFudul\"},\"image\":{\"@id\":\"https:\/\/hilfalfudul.org\/#\/schema\/logo\/image\/\"},\"sameAs\":[\"https:\/\/www.instagram.com\/hilfalfudulfoundation\/\"]}]}<\/script>\n<!-- \/ Yoast SEO Premium plugin. -->","yoast_head_json":{"title":"Hilful Fudul Ne Demek - HilfalFudul","robots":{"index":"index","follow":"follow","max-snippet":"max-snippet:-1","max-image-preview":"max-image-preview:large","max-video-preview":"max-video-preview:-1"},"canonical":"https:\/\/hilfalfudul.org\/en\/what-is-hilf-al-fudul\/","og_locale":"en_US","og_type":"article","og_title":"Hilful Fudul Ne Demek","og_url":"https:\/\/hilfalfudul.org\/en\/what-is-hilf-al-fudul\/","og_site_name":"HilfalFudul","article_modified_time":"2025-10-26T00:54:04+00:00","twitter_card":"summary_large_image","twitter_misc":{"Est. reading time":"3 minutes"},"schema":{"@context":"https:\/\/schema.org","@graph":[{"@type":"WebPage","@id":"https:\/\/hilfalfudul.org\/what-is-hilf-al-fudul\/","url":"https:\/\/hilfalfudul.org\/what-is-hilf-al-fudul\/","name":"Hilful Fudul Ne Demek - HilfalFudul","isPartOf":{"@id":"https:\/\/hilfalfudul.org\/#website"},"datePublished":"2024-05-28T11:54:07+00:00","dateModified":"2025-10-26T00:54:04+00:00","breadcrumb":{"@id":"https:\/\/hilfalfudul.org\/what-is-hilf-al-fudul\/#breadcrumb"},"inLanguage":"en-US","potentialAction":[{"@type":"ReadAction","target":["https:\/\/hilfalfudul.org\/what-is-hilf-al-fudul\/"]}]},{"@type":"BreadcrumbList","@id":"https:\/\/hilfalfudul.org\/what-is-hilf-al-fudul\/#breadcrumb","itemListElement":[{"@type":"ListItem","position":1,"name":"Home","item":"https:\/\/hilfalfudul.org\/"},{"@type":"ListItem","position":2,"name":"Hilful Fudul Ne Demek"}]},{"@type":"WebSite","@id":"https:\/\/hilfalfudul.org\/#website","url":"https:\/\/hilfalfudul.org\/","name":"HilfalFudul","description":"Umudu Ya\u015fat!","publisher":{"@id":"https:\/\/hilfalfudul.org\/#organization"},"potentialAction":[{"@type":"SearchAction","target":{"@type":"EntryPoint","urlTemplate":"https:\/\/hilfalfudul.org\/?s={search_term_string}"},"query-input":{"@type":"PropertyValueSpecification","valueRequired":true,"valueName":"search_term_string"}}],"inLanguage":"en-US"},{"@type":"Organization","@id":"https:\/\/hilfalfudul.org\/#organization","name":"HilfalFudul","url":"https:\/\/hilfalfudul.org\/","logo":{"@type":"ImageObject","inLanguage":"en-US","@id":"https:\/\/hilfalfudul.org\/#\/schema\/logo\/image\/","url":"http:\/\/hilfalfudul.org\/wp-content\/uploads\/2025\/07\/phone-2.svg","contentUrl":"http:\/\/hilfalfudul.org\/wp-content\/uploads\/2025\/07\/phone-2.svg","width":467,"height":132,"caption":"HilfalFudul"},"image":{"@id":"https:\/\/hilfalfudul.org\/#\/schema\/logo\/image\/"},"sameAs":["https:\/\/www.instagram.com\/hilfalfudulfoundation\/"]}]}},"campaignId":"","_links":{"self":[{"href":"https:\/\/hilfalfudul.org\/en\/wp-json\/wp\/v2\/pages\/9878","targetHints":{"allow":["GET"]}}],"collection":[{"href":"https:\/\/hilfalfudul.org\/en\/wp-json\/wp\/v2\/pages"}],"about":[{"href":"https:\/\/hilfalfudul.org\/en\/wp-json\/wp\/v2\/types\/page"}],"author":[{"embeddable":true,"href":"https:\/\/hilfalfudul.org\/en\/wp-json\/wp\/v2\/users\/1"}],"replies":[{"embeddable":true,"href":"https:\/\/hilfalfudul.org\/en\/wp-json\/wp\/v2\/comments?post=9878"}],"version-history":[{"count":5,"href":"https:\/\/hilfalfudul.org\/en\/wp-json\/wp\/v2\/pages\/9878\/revisions"}],"predecessor-version":[{"id":10715,"href":"https:\/\/hilfalfudul.org\/en\/wp-json\/wp\/v2\/pages\/9878\/revisions\/10715"}],"wp:attachment":[{"href":"https:\/\/hilfalfudul.org\/en\/wp-json\/wp\/v2\/media?parent=9878"}],"curies":[{"name":"wp","href":"https:\/\/api.w.org\/{rel}","templated":true}]}}