{"id":9883,"date":"2024-05-28T14:58:18","date_gmt":"2024-05-28T11:58:18","guid":{"rendered":"https:\/\/hilfalfudul.org\/?page_id=9883"},"modified":"2025-10-26T04:00:26","modified_gmt":"2025-10-26T01:00:26","slug":"vision","status":"publish","type":"page","link":"https:\/\/hilfalfudul.org\/en\/vision\/","title":{"rendered":"Vision"},"content":{"rendered":"<div class=\"wpb-content-wrapper\"><div class=\"vc_row wpb_row vc_row-fluid\"><div class=\"wpb_column vc_column_container vc_col-sm-6 wd-rs-68d71691df4ed\"><div class=\"vc_column-inner\"><div class=\"wpb_wrapper\">\n\t\t<div id=\"wd-68d7159a43378\" class=\"title-wrapper wd-wpb wd-set-mb reset-last-child  wd-rs-68d7159a43378 wd-title-color-default wd-title-style-default text-left\">\n\t\t\t\n\t\t\t<div class=\"liner-continer\">\n\t\t\t\t<h4 class=\"woodmart-title-container title  wd-font-weight- wd-fontsize-xxl\" >Our Vision<\/h4>\n\t\t\t\t\t\t\t<\/div>\n\t\t\t\n\t\t\t\n\t\t\t\n\t\t<\/div>\n\t\t\n\t\t<\/div><\/div><\/div><\/div><div class=\"vc_row wpb_row vc_row-fluid\"><div class=\"wpb_column vc_column_container vc_col-sm-6\"><div class=\"vc_column-inner\"><div class=\"wpb_wrapper\">\n\t\t<ul class=\"wd-rs-68d716c12f033 wd-list wd-wpb color-scheme- wd-fontsize-m wd-type-icon wd-style-default text-left vc_custom_1758926541854\" id=\"wd-68d716c12f033\">\n\t\t\t\t\t\t\t\t\t\t\t<li>\n\t\t\t\t\t<span class=\"wd-icon list-icon vc-material vc-material-check\"><\/span>\n\t\t\t\t\t<span class=\"wd-list-content list-content\">As a foundation, to reach out to and become a guardian for those in need \u2014 people living in pain, deprivation, and loneliness across all parts of the world.<\/span>\n\t\t\t\t\t\t\t\t\t<\/li>\n\t\t\t\t\t\t\t\t\t\t\t<li>\n\t\t\t\t\t<span class=\"wd-icon list-icon vc-material vc-material-check\"><\/span>\n\t\t\t\t\t<span class=\"wd-list-content list-content\">The foundation approaches Islam from a holistic perspective and aims to promote a comprehensive way of life. It observes no sectarian, doctrinal, or professional fanaticism. It is based on moderation, remaining distant from excess and deficiency. It believes that all matters should be conducted through consultation and avoids all forms of extremism.\n<\/span>\n\t\t\t\t\t\t\t\t\t<\/li>\n\t\t\t\t\t\t\t\t\t\t\t<li>\n\t\t\t\t\t<span class=\"wd-icon list-icon vc-material vc-material-check\"><\/span>\n\t\t\t\t\t<span class=\"wd-list-content list-content\">To establish a global order that upholds peace, harmony, and a dignified human life \u2014 one that ensures shared prosperity, protects human rights and freedoms, and safeguards the right to life of every living being in nature.\n<\/span>\n\t\t\t\t\t\t\t\t\t<\/li>\n\t\t\t\t\t\t\t\t\t\t\t<li>\n\t\t\t\t\t<span class=\"wd-icon list-icon vc-material vc-material-check\"><\/span>\n\t\t\t\t\t<span class=\"wd-list-content list-content\">To act in the spirit of universal brotherhood and provide the necessary humanitarian aid to ensure a life filled with justice and goodness for all needy and oppressed people across the world.\n<\/span>\n\t\t\t\t\t\t\t\t\t<\/li>\n\t\t\t\t\t\t\t\t\t\t\t<li>\n\t\t\t\t\t<span class=\"wd-icon list-icon vc-material vc-material-check\"><\/span>\n\t\t\t\t\t<span class=\"wd-list-content list-content\">To carry out the necessary efforts to prevent all policies and actions that oppress people or render them needy, ensuring an environment where fundamental human rights and freedoms are not violated.\n<\/span>\n\t\t\t\t\t\t\t\t\t<\/li>\n\t\t\t\t\t\t\t\t\t\t\t<li>\n\t\t\t\t\t<span class=\"wd-icon list-icon vc-material vc-material-check\"><\/span>\n\t\t\t\t\t<span class=\"wd-list-content list-content\">To ensure the preservation and continuation of unchanging values in a changing world.\n<\/span>\n\t\t\t\t\t\t\t\t\t<\/li>\n\t\t\t\t\t\t\t\t\t\t\t<li>\n\t\t\t\t\t<span class=\"wd-icon list-icon vc-material vc-material-check\"><\/span>\n\t\t\t\t\t<span class=\"wd-list-content list-content\">To address and remedy the negative consequences caused by war, natural disasters, and poverty, and to support individuals and societies so that they can stand on their own feet once again.\n<\/span>\n\t\t\t\t\t\t\t\t\t<\/li>\n\t\t\t\t\t\t\t\t\t\t\t<li>\n\t\t\t\t\t<span class=\"wd-icon list-icon vc-material vc-material-check\"><\/span>\n\t\t\t\t\t<span class=\"wd-list-content list-content\">To keep goodness alive \u2014 always and everywhere.\n<\/span>\n\t\t\t\t\t\t\t\t\t<\/li>\n\t\t\t\t\t<\/ul>\n\t\t<\/div><\/div><\/div><div class=\"wpb_column vc_column_container vc_col-sm-6\"><div class=\"vc_column-inner\"><div class=\"wpb_wrapper\">\n\t<div class=\"wpb_raw_code wpb_raw_html wpb_content_element\" >\n\t\t<div class=\"wpb_wrapper\">\n\t\t\t<style>\n.vc_custom_1758926541854 {\n    padding-right: 0 !important;\n}\n\n.vc_custom_1758926541854 {\n    padding-right: 20px !important;\n}\n\n.wd-rs-68d716c12f033.wd-list {\n    max-width: 100%;\n}\n\n.wd-rs-68d716c12f033 .wd-list-content {\n    max-width: none;\n    word-wrap: break-word;\n}\n.vc_custom_1758926541854 {\n    padding-right: 0 !important;\n    padding-left: 30px !important;\n}\n\n.wd-rs-68d716c12f033.wd-list {\n    padding-left: 40px; \n}\n<\/style>\n\t\t<\/div>\n\t<\/div>\n\n\t<div  class=\"wpb_single_image wpb_content_element vc_align_left\">\n\t\t\n\t\t<figure class=\"wpb_wrapper vc_figure\">\n\t\t\t<div class=\"vc_single_image-wrapper   vc_box_border_grey\"><img fetchpriority=\"high\" decoding=\"async\" width=\"1024\" height=\"632\" src=\"https:\/\/hilfalfudul.org\/wp-content\/uploads\/2025\/09\/1024px-Mekke-1889.jpg\" class=\"vc_single_image-img attachment-medium\" alt=\"\" title=\"1024px-Mekke-1889\" srcset=\"https:\/\/hilfalfudul.org\/wp-content\/uploads\/2025\/09\/1024px-Mekke-1889.jpg 1024w, https:\/\/hilfalfudul.org\/wp-content\/uploads\/2025\/09\/1024px-Mekke-1889-768x474.jpg 768w, https:\/\/hilfalfudul.org\/wp-content\/uploads\/2025\/09\/1024px-Mekke-1889-600x370.jpg 600w\" sizes=\"(max-width: 1024px) 100vw, 1024px\" \/><\/div>\n\t\t<\/figure>\n\t<\/div>\n<\/div><\/div><\/div><\/div><div class=\"vc_row wpb_row vc_row-fluid\"><div class=\"wpb_column vc_column_container vc_col-sm-12\"><div class=\"vc_column-inner\"><div class=\"wpb_wrapper\"><\/div><\/div><\/div><\/div>\n\n    <div class=\"xs_social_share_widget xs_share_url after_content \t\tmain_content  wslu-style-1 wslu-share-box-shaped wslu-fill-colored wslu-none wslu-share-horizontal wslu-theme-font-no wslu-main_content\">\n\n\t\t\n        <ul>\n\t\t\t        <\/ul>\n    <\/div> \n<\/div>","protected":false},"excerpt":{"rendered":"Vizyonumuz Vak\u0131f olarak d\u00fcnyan\u0131n d\u00f6rt bir yan\u0131nda ac\u0131, mahrumiyet ve kimsesizlik i\u00e7inde ya\u015famaya \u00e7al\u0131\u015fan yard\u0131ma muhta\u00e7 insanlara ula\u015fmak ve onlar\u0131n","protected":false},"author":1,"featured_media":0,"parent":0,"menu_order":0,"comment_status":"closed","ping_status":"closed","template":"","meta":{"give_campaign_id":0,"postBodyCss":"","postBodyMargin":[],"postBodyPadding":[],"postBodyBackground":{"backgroundType":"classic","gradient":""},"footnotes":""},"class_list":["post-9883","page","type-page","status-publish","hentry"],"yoast_head":"<!-- This site is optimized with the Yoast SEO Premium plugin v27.2 (Yoast SEO v27.2) - https:\/\/yoast.com\/product\/yoast-seo-premium-wordpress\/ -->\n<title>Vizyon - HilfalFudul<\/title>\n<meta name=\"robots\" content=\"index, follow, max-snippet:-1, max-image-preview:large, max-video-preview:-1\" \/>\n<link rel=\"canonical\" href=\"https:\/\/hilfalfudul.org\/en\/vision\/\" \/>\n<meta property=\"og:locale\" content=\"en_US\" \/>\n<meta property=\"og:type\" content=\"article\" \/>\n<meta property=\"og:title\" content=\"Vizyon\" \/>\n<meta property=\"og:url\" content=\"https:\/\/hilfalfudul.org\/en\/vision\/\" \/>\n<meta property=\"og:site_name\" content=\"HilfalFudul\" \/>\n<meta property=\"article:modified_time\" content=\"2025-10-26T01:00:26+00:00\" \/>\n<meta name=\"twitter:card\" content=\"summary_large_image\" \/>\n<meta name=\"twitter:label1\" content=\"Est. reading time\" \/>\n\t<meta name=\"twitter:data1\" content=\"5 minutes\" \/>\n<script type=\"application\/ld+json\" class=\"yoast-schema-graph\">{\"@context\":\"https:\/\/schema.org\",\"@graph\":[{\"@type\":\"WebPage\",\"@id\":\"https:\/\/hilfalfudul.org\/vision\/\",\"url\":\"https:\/\/hilfalfudul.org\/vision\/\",\"name\":\"Vizyon - HilfalFudul\",\"isPartOf\":{\"@id\":\"https:\/\/hilfalfudul.org\/#website\"},\"datePublished\":\"2024-05-28T11:58:18+00:00\",\"dateModified\":\"2025-10-26T01:00:26+00:00\",\"breadcrumb\":{\"@id\":\"https:\/\/hilfalfudul.org\/vision\/#breadcrumb\"},\"inLanguage\":\"en-US\",\"potentialAction\":[{\"@type\":\"ReadAction\",\"target\":[\"https:\/\/hilfalfudul.org\/vision\/\"]}]},{\"@type\":\"BreadcrumbList\",\"@id\":\"https:\/\/hilfalfudul.org\/vision\/#breadcrumb\",\"itemListElement\":[{\"@type\":\"ListItem\",\"position\":1,\"name\":\"Home\",\"item\":\"https:\/\/hilfalfudul.org\/\"},{\"@type\":\"ListItem\",\"position\":2,\"name\":\"Vizyon\"}]},{\"@type\":\"WebSite\",\"@id\":\"https:\/\/hilfalfudul.org\/#website\",\"url\":\"https:\/\/hilfalfudul.org\/\",\"name\":\"HilfalFudul\",\"description\":\"Umudu Ya\u015fat!\",\"publisher\":{\"@id\":\"https:\/\/hilfalfudul.org\/#organization\"},\"potentialAction\":[{\"@type\":\"SearchAction\",\"target\":{\"@type\":\"EntryPoint\",\"urlTemplate\":\"https:\/\/hilfalfudul.org\/?s={search_term_string}\"},\"query-input\":{\"@type\":\"PropertyValueSpecification\",\"valueRequired\":true,\"valueName\":\"search_term_string\"}}],\"inLanguage\":\"en-US\"},{\"@type\":\"Organization\",\"@id\":\"https:\/\/hilfalfudul.org\/#organization\",\"name\":\"HilfalFudul\",\"url\":\"https:\/\/hilfalfudul.org\/\",\"logo\":{\"@type\":\"ImageObject\",\"inLanguage\":\"en-US\",\"@id\":\"https:\/\/hilfalfudul.org\/#\/schema\/logo\/image\/\",\"url\":\"http:\/\/hilfalfudul.org\/wp-content\/uploads\/2025\/07\/phone-2.svg\",\"contentUrl\":\"http:\/\/hilfalfudul.org\/wp-content\/uploads\/2025\/07\/phone-2.svg\",\"width\":467,\"height\":132,\"caption\":\"HilfalFudul\"},\"image\":{\"@id\":\"https:\/\/hilfalfudul.org\/#\/schema\/logo\/image\/\"},\"sameAs\":[\"https:\/\/www.instagram.com\/hilfalfudulfoundation\/\"]}]}<\/script>\n<!-- \/ Yoast SEO Premium plugin. -->","yoast_head_json":{"title":"Vizyon - HilfalFudul","robots":{"index":"index","follow":"follow","max-snippet":"max-snippet:-1","max-image-preview":"max-image-preview:large","max-video-preview":"max-video-preview:-1"},"canonical":"https:\/\/hilfalfudul.org\/en\/vision\/","og_locale":"en_US","og_type":"article","og_title":"Vizyon","og_url":"https:\/\/hilfalfudul.org\/en\/vision\/","og_site_name":"HilfalFudul","article_modified_time":"2025-10-26T01:00:26+00:00","twitter_card":"summary_large_image","twitter_misc":{"Est. reading time":"5 minutes"},"schema":{"@context":"https:\/\/schema.org","@graph":[{"@type":"WebPage","@id":"https:\/\/hilfalfudul.org\/vision\/","url":"https:\/\/hilfalfudul.org\/vision\/","name":"Vizyon - HilfalFudul","isPartOf":{"@id":"https:\/\/hilfalfudul.org\/#website"},"datePublished":"2024-05-28T11:58:18+00:00","dateModified":"2025-10-26T01:00:26+00:00","breadcrumb":{"@id":"https:\/\/hilfalfudul.org\/vision\/#breadcrumb"},"inLanguage":"en-US","potentialAction":[{"@type":"ReadAction","target":["https:\/\/hilfalfudul.org\/vision\/"]}]},{"@type":"BreadcrumbList","@id":"https:\/\/hilfalfudul.org\/vision\/#breadcrumb","itemListElement":[{"@type":"ListItem","position":1,"name":"Home","item":"https:\/\/hilfalfudul.org\/"},{"@type":"ListItem","position":2,"name":"Vizyon"}]},{"@type":"WebSite","@id":"https:\/\/hilfalfudul.org\/#website","url":"https:\/\/hilfalfudul.org\/","name":"HilfalFudul","description":"Umudu Ya\u015fat!","publisher":{"@id":"https:\/\/hilfalfudul.org\/#organization"},"potentialAction":[{"@type":"SearchAction","target":{"@type":"EntryPoint","urlTemplate":"https:\/\/hilfalfudul.org\/?s={search_term_string}"},"query-input":{"@type":"PropertyValueSpecification","valueRequired":true,"valueName":"search_term_string"}}],"inLanguage":"en-US"},{"@type":"Organization","@id":"https:\/\/hilfalfudul.org\/#organization","name":"HilfalFudul","url":"https:\/\/hilfalfudul.org\/","logo":{"@type":"ImageObject","inLanguage":"en-US","@id":"https:\/\/hilfalfudul.org\/#\/schema\/logo\/image\/","url":"http:\/\/hilfalfudul.org\/wp-content\/uploads\/2025\/07\/phone-2.svg","contentUrl":"http:\/\/hilfalfudul.org\/wp-content\/uploads\/2025\/07\/phone-2.svg","width":467,"height":132,"caption":"HilfalFudul"},"image":{"@id":"https:\/\/hilfalfudul.org\/#\/schema\/logo\/image\/"},"sameAs":["https:\/\/www.instagram.com\/hilfalfudulfoundation\/"]}]}},"campaignId":"","_links":{"self":[{"href":"https:\/\/hilfalfudul.org\/en\/wp-json\/wp\/v2\/pages\/9883","targetHints":{"allow":["GET"]}}],"collection":[{"href":"https:\/\/hilfalfudul.org\/en\/wp-json\/wp\/v2\/pages"}],"about":[{"href":"https:\/\/hilfalfudul.org\/en\/wp-json\/wp\/v2\/types\/page"}],"author":[{"embeddable":true,"href":"https:\/\/hilfalfudul.org\/en\/wp-json\/wp\/v2\/users\/1"}],"replies":[{"embeddable":true,"href":"https:\/\/hilfalfudul.org\/en\/wp-json\/wp\/v2\/comments?post=9883"}],"version-history":[{"count":21,"href":"https:\/\/hilfalfudul.org\/en\/wp-json\/wp\/v2\/pages\/9883\/revisions"}],"predecessor-version":[{"id":10714,"href":"https:\/\/hilfalfudul.org\/en\/wp-json\/wp\/v2\/pages\/9883\/revisions\/10714"}],"wp:attachment":[{"href":"https:\/\/hilfalfudul.org\/en\/wp-json\/wp\/v2\/media?parent=9883"}],"curies":[{"name":"wp","href":"https:\/\/api.w.org\/{rel}","templated":true}]}}