{"id":9902,"date":"2024-05-28T15:32:54","date_gmt":"2024-05-28T12:32:54","guid":{"rendered":"https:\/\/hilfalfudul.org\/?page_id=9902"},"modified":"2025-10-26T03:55:22","modified_gmt":"2025-10-26T00:55:22","slug":"faq","status":"publish","type":"page","link":"https:\/\/hilfalfudul.org\/en\/faq\/","title":{"rendered":"Some Questions and Answers to Help You Get to Know Us"},"content":{"rendered":"<div class=\"wpb-content-wrapper\"><div class=\"vc_row wpb_row vc_row-fluid\"><div class=\"wpb_column vc_column_container vc_col-sm-12\"><div class=\"vc_column-inner\"><div class=\"wpb_wrapper\">\n\t\t<div id=\"wd-6655d40b353b6\" class=\"title-wrapper wd-wpb wd-set-mb reset-last-child  wd-rs-6655d40b353b6 wd-title-color-default wd-title-style-default text-left  wd-underline-colored\">\n\t\t\t\n\t\t\t<div class=\"liner-continer\">\n\t\t\t\t<h4 class=\"woodmart-title-container title  wd-font-weight- wd-fontsize-l\" >FAQ<\/h4>\n\t\t\t\t\t\t\t<\/div>\n\t\t\t\n\t\t\t\n\t\t\t\n\t\t<\/div>\n\t\t\n\t\t\n\t\t<div id=\"wd-6655d329d91a3\" class=\"wd-accordion wd-wpb wd-rs-6655d329d91a3  wd-style-default wd-titles-left wd-opener-pos-right wd-opener-style-arrow\" data-state=\"all_closed\">\n\t\t\t\t\t\t\t\n\t\t\t\t\n\t\t\t\t<div class=\"wd-accordion-item\">\n\t\t\t\t\t<div class=\"wd-accordion-title font-text wd-fontsize-s wd-font-weight-600\" data-accordion-index=\"0\">\n\t\t\t\t\t\t<div class=\"wd-accordion-title-text\">\n\t\t\t\t\t\t\t\t\t\t\t\t\t\t<span>\n\t\t\t\t\t\t\t\tDo you have any affiliation with any religious community or political organization?\t\t\t\t\t\t\t<\/span>\n\t\t\t\t\t\t<\/div>\n\t\t\t\t\t\t<span class=\"wd-accordion-opener\"><\/span>\n\t\t\t\t\t<\/div>\n\n\t\t\t\t\t<div class=\"wd-accordion-content wd-entry-content\" data-accordion-index=\"0\">\n\t\t\t\t\t\t\t\t\t\t\t\t\t\n<div id=\"accordion-a1\" class=\"accordion-section-content\">\n<p>Our foundation has no affiliation with any religious community, ideological movement, or political party, and it upholds the traditional Islamic institution of waqf (charitable endowment). Political or ideological discussions are strictly prohibited within the foundation.\n\nOur goal is to deliver aid to all people in need, wherever they may be. In line with this mission, we act based on the values that unite us rather than the ideas that divide us, providing assistance without any discrimination of religion, language, race, community, or political affiliation.\n\nFor this reason, anyone from any background can join or donate to the Hilf al-Fudul Foundation with complete peace of mind.<\/p>\n<\/div>\n\t\t\t\t\t\t\t\t\t\t\t<\/div>\n\t\t\t\t<\/div>\n\t\t\t\t\t\t\t\n\t\t\t\t\n\t\t\t\t<div class=\"wd-accordion-item\">\n\t\t\t\t\t<div class=\"wd-accordion-title font-text wd-fontsize-s wd-font-weight-600\" data-accordion-index=\"1\">\n\t\t\t\t\t\t<div class=\"wd-accordion-title-text\">\n\t\t\t\t\t\t\t\t\t\t\t\t\t\t<span>\n\t\t\t\t\t\t\t\tAre the aids provided only to Muslims?\t\t\t\t\t\t\t<\/span>\n\t\t\t\t\t\t<\/div>\n\t\t\t\t\t\t<span class=\"wd-accordion-opener\"><\/span>\n\t\t\t\t\t<\/div>\n\n\t\t\t\t\t<div class=\"wd-accordion-content wd-entry-content\" data-accordion-index=\"1\">\n\t\t\t\t\t\t\t\t\t\t\t\t\t\n<div id=\"accordion-a2\" class=\"accordion-section-content\">\n<p>The Hilf al-Fudul Foundation provides aid to people regardless of religion, language, race, or gender. Our priority is to reach and help anyone in need, wherever they may be.\n\nHowever, in many cases, those in need happen to be predominantly Muslims, especially in regions affected by war or occupation. For example, during famine crises in Africa, the foundation extends assistance to both Muslims and non-Muslims in poverty. Similarly, the water wells established across Asia and Africa serve not only Muslim communities but also people of other faiths living in need.<\/p>\n<\/div>\n<div class=\"accordion-section-title\" data-tab=\"#accordion-a3\"><\/div>\n\t\t\t\t\t\t\t\t\t\t\t<\/div>\n\t\t\t\t<\/div>\n\t\t\t\t\t\t\t\n\t\t\t\t\n\t\t\t\t<div class=\"wd-accordion-item\">\n\t\t\t\t\t<div class=\"wd-accordion-title font-text wd-fontsize-s wd-font-weight-600\" data-accordion-index=\"2\">\n\t\t\t\t\t\t<div class=\"wd-accordion-title-text\">\n\t\t\t\t\t\t\t\t\t\t\t\t\t\t<span>\n\t\t\t\t\t\t\t\tEvery foundation and organization has some basic administrative expenses. How much do you deduct for these costs?\t\t\t\t\t\t\t<\/span>\n\t\t\t\t\t\t<\/div>\n\t\t\t\t\t\t<span class=\"wd-accordion-opener\"><\/span>\n\t\t\t\t\t<\/div>\n\n\t\t\t\t\t<div class=\"wd-accordion-content wd-entry-content\" data-accordion-index=\"2\">\n\t\t\t\t\t\t\t\t\t\t\t\t\t\n<div id=\"accordion-a3\" class=\"accordion-section-content\">\n<p>As the Hilf al-Fudul Foundation, we ensure that all entrusted resources are delivered directly to those in need. The foundation does not allocate any portion of donations for its own institutions, staff, or other operational expenses. Instead, it establishes a separate fund specifically for administrative costs and transparently communicates this to its donors.<\/p>\n<\/div>\n<div class=\"accordion-section-title\" data-tab=\"#accordion-a4\"><\/div>\n\t\t\t\t\t\t\t\t\t\t\t<\/div>\n\t\t\t\t<\/div>\n\t\t\t\t\t\t\t\n\t\t\t\t\n\t\t\t\t<div class=\"wd-accordion-item\">\n\t\t\t\t\t<div class=\"wd-accordion-title font-text wd-fontsize-s wd-font-weight-600\" data-accordion-index=\"3\">\n\t\t\t\t\t\t<div class=\"wd-accordion-title-text\">\n\t\t\t\t\t\t\t\t\t\t\t\t\t\t<span>\n\t\t\t\t\t\t\t\tWhat are the main characteristics that distinguish the Hilf al-Fudul Foundation from other foundations?\t\t\t\t\t\t\t<\/span>\n\t\t\t\t\t\t<\/div>\n\t\t\t\t\t\t<span class=\"wd-accordion-opener\"><\/span>\n\t\t\t\t\t<\/div>\n\n\t\t\t\t\t<div class=\"wd-accordion-content wd-entry-content\" data-accordion-index=\"3\">\n\t\t\t\t\t\t\t\t\t\t\t\t\t\n<div id=\"accordion-a4\" class=\"accordion-section-content\">\n<p>Our foundation does not exclude anyone. Instead of acting on ideas that divide, it operates on values that unite \u2014 delivering aid to those in need without any distinction of religion, language, race, community, or political affiliation. It is ready to work alongside people from all ideological backgrounds to bring hope to humanity and preserve timeless values in a changing world. We therefore invite all compassionate hearts to contribute to this humanitarian mission.\n\n\u2013 The Hilf al-Fudul Foundation ensures that all entrusted resources are delivered directly to those in need. It does not take any share from donations for its own institutions, staff, or other expenses. A separate fund is established for administrative costs, which is communicated transparently to donors.\n\n\u2013 You can contact us to participate in the foundation\u2019s domestic or international activities and cover any participation costs if applicable.\n\n\u2013 If you have a project idea for humanity, please share it with us. We can think together, set common goals, and present them to all our donors and to humanity.<\/p>\n<\/div>\n<div class=\"accordion-section-title\" data-tab=\"#accordion-a5\"><\/div>\n\t\t\t\t\t\t\t\t\t\t\t<\/div>\n\t\t\t\t<\/div>\n\t\t\t\t\t\t\t\n\t\t\t\t\n\t\t\t\t<div class=\"wd-accordion-item\">\n\t\t\t\t\t<div class=\"wd-accordion-title font-text wd-fontsize-s wd-font-weight-600\" data-accordion-index=\"4\">\n\t\t\t\t\t\t<div class=\"wd-accordion-title-text\">\n\t\t\t\t\t\t\t\t\t\t\t\t\t\t<span>\n\t\t\t\t\t\t\t\tCan I participate in the foundation\u2019s domestic and international activities?\t\t\t\t\t\t\t<\/span>\n\t\t\t\t\t\t<\/div>\n\t\t\t\t\t\t<span class=\"wd-accordion-opener\"><\/span>\n\t\t\t\t\t<\/div>\n\n\t\t\t\t\t<div class=\"wd-accordion-content wd-entry-content\" data-accordion-index=\"4\">\n\t\t\t\t\t\t\t\t\t\t\t\t\t\n<div id=\"accordion-a5\" class=\"accordion-section-content\">\n<div id=\"accordion-a5\" class=\"accordion-section-content\">\n<p>Of course, you can participate. All you need to do is get in touch with us and cover any potential personal participation or organizational expenses.<\/p>\n<\/div>\n<div class=\"accordion-section-title\" data-tab=\"#accordion-a6\"><\/div>\n<\/div>\n\t\t\t\t\t\t\t\t\t\t\t<\/div>\n\t\t\t\t<\/div>\n\t\t\t\t\t\t\t\n\t\t\t\t\n\t\t\t\t<div class=\"wd-accordion-item\">\n\t\t\t\t\t<div class=\"wd-accordion-title font-text wd-fontsize-s wd-font-weight-600\" data-accordion-index=\"5\">\n\t\t\t\t\t\t<div class=\"wd-accordion-title-text\">\n\t\t\t\t\t\t\t\t\t\t\t\t\t\t<span>\n\t\t\t\t\t\t\t\tAre you open to audits and inspections?\t\t\t\t\t\t\t<\/span>\n\t\t\t\t\t\t<\/div>\n\t\t\t\t\t\t<span class=\"wd-accordion-opener\"><\/span>\n\t\t\t\t\t<\/div>\n\n\t\t\t\t\t<div class=\"wd-accordion-content wd-entry-content\" data-accordion-index=\"5\">\n\t\t\t\t\t\t\t\t\t\t\t\t\t\n<div id=\"accordion-a5\" class=\"accordion-section-content\">\n<div id=\"accordion-a5\" class=\"accordion-section-content\">\n<div id=\"accordion-a6\" class=\"accordion-section-content\">\n<p>You or any other authorized party may participate in auditing our work by covering your own audit expenses. All of our organization\u2019s activities are fully open to inspection and review.<\/p>\n<\/div>\n<div class=\"accordion-section-title\" data-tab=\"#accordion-a7\"><\/div>\n<\/div>\n<\/div>\n\t\t\t\t\t\t\t\t\t\t\t<\/div>\n\t\t\t\t<\/div>\n\t\t\t\t\t\t\t\n\t\t\t\t\n\t\t\t\t<div class=\"wd-accordion-item\">\n\t\t\t\t\t<div class=\"wd-accordion-title font-text wd-fontsize-s wd-font-weight-600\" data-accordion-index=\"6\">\n\t\t\t\t\t\t<div class=\"wd-accordion-title-text\">\n\t\t\t\t\t\t\t\t\t\t\t\t\t\t<span>\n\t\t\t\t\t\t\t\tWho provides the funding for the Hilf al-Fudul Foundation?\t\t\t\t\t\t\t<\/span>\n\t\t\t\t\t\t<\/div>\n\t\t\t\t\t\t<span class=\"wd-accordion-opener\"><\/span>\n\t\t\t\t\t<\/div>\n\n\t\t\t\t\t<div class=\"wd-accordion-content wd-entry-content\" data-accordion-index=\"6\">\n\t\t\t\t\t\t\t\t\t\t\t\t\t\n<div id=\"accordion-a5\" class=\"accordion-section-content\">\n<div id=\"accordion-a5\" class=\"accordion-section-content\">\n<div id=\"accordion-a6\" class=\"accordion-section-content\">\n<div id=\"accordion-a7\" class=\"accordion-section-content\">\n<p>The Hilf al-Fudul Foundation operates through the contributions of donors and volunteers. It has no external or independent financial source beyond these donations.<\/p>\n<\/div>\n<\/div>\n<div class=\"accordion-section-title\" data-tab=\"#accordion-a7\"><\/div>\n<\/div>\n<\/div>\n\t\t\t\t\t\t\t\t\t\t\t<\/div>\n\t\t\t\t<\/div>\n\t\t\t\t\t\t\t\n\t\t\t\t\n\t\t\t\t<div class=\"wd-accordion-item\">\n\t\t\t\t\t<div class=\"wd-accordion-title font-text wd-fontsize-s wd-font-weight-600\" data-accordion-index=\"7\">\n\t\t\t\t\t\t<div class=\"wd-accordion-title-text\">\n\t\t\t\t\t\t\t\t\t\t\t\t\t\t<span>\n\t\t\t\t\t\t\t\tCan I access information about the donations I\u2019ve made in the past?\t\t\t\t\t\t\t<\/span>\n\t\t\t\t\t\t<\/div>\n\t\t\t\t\t\t<span class=\"wd-accordion-opener\"><\/span>\n\t\t\t\t\t<\/div>\n\n\t\t\t\t\t<div class=\"wd-accordion-content wd-entry-content\" data-accordion-index=\"7\">\n\t\t\t\t\t\t\t\t\t\t\t\t\t\n<div id=\"accordion-a5\" class=\"accordion-section-content\">\n<div id=\"accordion-a5\" class=\"accordion-section-content\">\n<div id=\"accordion-a6\" class=\"accordion-section-content\">\n<div id=\"accordion-a7\" class=\"accordion-section-content\">\n<div id=\"accordion-a8\" class=\"accordion-section-content\">\n<p>Tabii, ge\u00e7mi\u015f d\u00f6nemde yapt\u0131\u011f\u0131n\u0131z ba\u011f\u0131\u015flar\u0131 \u00f6\u011frenmek istiyorsan\u0131z,\u00a0<a href=\"tel:+12014210635\">+1 (201) 421-0635<\/a> Of course. If you would like to learn about your past donations, you can contact our foundation by calling or sending a message to +1 (201) 421-0635 to receive detailed information.<\/p>\n<\/div>\n<\/div>\n<\/div>\n<\/div>\n<\/div>\n\t\t\t\t\t\t\t\t\t\t\t<\/div>\n\t\t\t\t<\/div>\n\t\t\t\t\t\t\t\n\t\t\t\t\n\t\t\t\t<div class=\"wd-accordion-item\">\n\t\t\t\t\t<div class=\"wd-accordion-title font-text wd-fontsize-s wd-font-weight-600\" data-accordion-index=\"8\">\n\t\t\t\t\t\t<div class=\"wd-accordion-title-text\">\n\t\t\t\t\t\t\t\t\t\t\t\t\t\t<span>\n\t\t\t\t\t\t\t\tWho carries out your operations abroad?\t\t\t\t\t\t\t<\/span>\n\t\t\t\t\t\t<\/div>\n\t\t\t\t\t\t<span class=\"wd-accordion-opener\"><\/span>\n\t\t\t\t\t<\/div>\n\n\t\t\t\t\t<div class=\"wd-accordion-content wd-entry-content\" data-accordion-index=\"8\">\n\t\t\t\t\t\t\t\t\t\t\t\t\t\n<div id=\"accordion-a5\" class=\"accordion-section-content\">\n<div id=\"accordion-a5\" class=\"accordion-section-content\">\n<div id=\"accordion-a6\" class=\"accordion-section-content\">\n<div id=\"accordion-a7\" class=\"accordion-section-content\">\n<p>Some of the projects carried out abroad are directly overseen by Hilf al-Fudul Foundation representatives, while others are conducted in cooperation with partner organizations that are well-acquainted with the local region. Both the partner institutions and the foundation\u2019s representatives regularly prepare reports on these projects, ensuring that all activities are continuously monitored and audited.<\/p>\n<\/div>\n<\/div>\n<\/div>\n<\/div>\n\t\t\t\t\t\t\t\t\t\t\t<\/div>\n\t\t\t\t<\/div>\n\t\t\t\t\t\t\t\t\t\t\t\t\t\t<\/div>\n\n\t\t<\/div><\/div><\/div><\/div>\n\n    <div class=\"xs_social_share_widget xs_share_url after_content \t\tmain_content  wslu-style-1 wslu-share-box-shaped wslu-fill-colored wslu-none wslu-share-horizontal wslu-theme-font-no wslu-main_content\">\n\n\t\t\n        <ul>\n\t\t\t        <\/ul>\n    <\/div> \n<\/div>","protected":false},"excerpt":{"rendered":"SSS Herhangi bir cemaat ya da siyasi bir olu\u015fum ile ba\u011f\u0131n\u0131z var m\u0131? Vakf\u0131m\u0131z\u0131n, herhangi bir cemaat, ideolojik hareket veya","protected":false},"author":1,"featured_media":0,"parent":0,"menu_order":0,"comment_status":"closed","ping_status":"closed","template":"","meta":{"give_campaign_id":0,"postBodyCss":"","postBodyMargin":[],"postBodyPadding":[],"postBodyBackground":{"backgroundType":"classic","gradient":""},"footnotes":""},"class_list":["post-9902","page","type-page","status-publish","hentry"],"yoast_head":"<!-- This site is optimized with the Yoast SEO Premium plugin v27.2 (Yoast SEO v27.2) - https:\/\/yoast.com\/product\/yoast-seo-premium-wordpress\/ -->\n<title>Bizi Tan\u0131man\u0131za Yararl\u0131 Olacak Baz\u0131 Sorular ve Cevaplar\u0131 - HilfalFudul<\/title>\n<meta name=\"robots\" content=\"index, follow, max-snippet:-1, max-image-preview:large, max-video-preview:-1\" \/>\n<link rel=\"canonical\" href=\"https:\/\/hilfalfudul.org\/en\/faq\/\" \/>\n<meta property=\"og:locale\" content=\"en_US\" \/>\n<meta property=\"og:type\" content=\"article\" \/>\n<meta property=\"og:title\" content=\"Bizi Tan\u0131man\u0131za Yararl\u0131 Olacak Baz\u0131 Sorular ve Cevaplar\u0131\" \/>\n<meta property=\"og:url\" content=\"https:\/\/hilfalfudul.org\/en\/faq\/\" \/>\n<meta property=\"og:site_name\" content=\"HilfalFudul\" \/>\n<meta property=\"article:modified_time\" content=\"2025-10-26T00:55:22+00:00\" \/>\n<meta name=\"twitter:card\" content=\"summary_large_image\" \/>\n<meta name=\"twitter:label1\" content=\"Est. reading time\" \/>\n\t<meta name=\"twitter:data1\" content=\"5 minutes\" \/>\n<script type=\"application\/ld+json\" class=\"yoast-schema-graph\">{\"@context\":\"https:\/\/schema.org\",\"@graph\":[{\"@type\":\"WebPage\",\"@id\":\"https:\/\/hilfalfudul.org\/faq\/\",\"url\":\"https:\/\/hilfalfudul.org\/faq\/\",\"name\":\"Bizi Tan\u0131man\u0131za Yararl\u0131 Olacak Baz\u0131 Sorular ve Cevaplar\u0131 - HilfalFudul\",\"isPartOf\":{\"@id\":\"https:\/\/hilfalfudul.org\/#website\"},\"datePublished\":\"2024-05-28T12:32:54+00:00\",\"dateModified\":\"2025-10-26T00:55:22+00:00\",\"breadcrumb\":{\"@id\":\"https:\/\/hilfalfudul.org\/faq\/#breadcrumb\"},\"inLanguage\":\"en-US\",\"potentialAction\":[{\"@type\":\"ReadAction\",\"target\":[\"https:\/\/hilfalfudul.org\/faq\/\"]}]},{\"@type\":\"BreadcrumbList\",\"@id\":\"https:\/\/hilfalfudul.org\/faq\/#breadcrumb\",\"itemListElement\":[{\"@type\":\"ListItem\",\"position\":1,\"name\":\"Home\",\"item\":\"https:\/\/hilfalfudul.org\/\"},{\"@type\":\"ListItem\",\"position\":2,\"name\":\"Bizi Tan\u0131man\u0131za Yararl\u0131 Olacak Baz\u0131 Sorular ve Cevaplar\u0131\"}]},{\"@type\":\"WebSite\",\"@id\":\"https:\/\/hilfalfudul.org\/#website\",\"url\":\"https:\/\/hilfalfudul.org\/\",\"name\":\"HilfalFudul\",\"description\":\"Umudu Ya\u015fat!\",\"publisher\":{\"@id\":\"https:\/\/hilfalfudul.org\/#organization\"},\"potentialAction\":[{\"@type\":\"SearchAction\",\"target\":{\"@type\":\"EntryPoint\",\"urlTemplate\":\"https:\/\/hilfalfudul.org\/?s={search_term_string}\"},\"query-input\":{\"@type\":\"PropertyValueSpecification\",\"valueRequired\":true,\"valueName\":\"search_term_string\"}}],\"inLanguage\":\"en-US\"},{\"@type\":\"Organization\",\"@id\":\"https:\/\/hilfalfudul.org\/#organization\",\"name\":\"HilfalFudul\",\"url\":\"https:\/\/hilfalfudul.org\/\",\"logo\":{\"@type\":\"ImageObject\",\"inLanguage\":\"en-US\",\"@id\":\"https:\/\/hilfalfudul.org\/#\/schema\/logo\/image\/\",\"url\":\"http:\/\/hilfalfudul.org\/wp-content\/uploads\/2025\/07\/phone-2.svg\",\"contentUrl\":\"http:\/\/hilfalfudul.org\/wp-content\/uploads\/2025\/07\/phone-2.svg\",\"width\":467,\"height\":132,\"caption\":\"HilfalFudul\"},\"image\":{\"@id\":\"https:\/\/hilfalfudul.org\/#\/schema\/logo\/image\/\"},\"sameAs\":[\"https:\/\/www.instagram.com\/hilfalfudulfoundation\/\"]}]}<\/script>\n<!-- \/ Yoast SEO Premium plugin. -->","yoast_head_json":{"title":"Bizi Tan\u0131man\u0131za Yararl\u0131 Olacak Baz\u0131 Sorular ve Cevaplar\u0131 - HilfalFudul","robots":{"index":"index","follow":"follow","max-snippet":"max-snippet:-1","max-image-preview":"max-image-preview:large","max-video-preview":"max-video-preview:-1"},"canonical":"https:\/\/hilfalfudul.org\/en\/faq\/","og_locale":"en_US","og_type":"article","og_title":"Bizi Tan\u0131man\u0131za Yararl\u0131 Olacak Baz\u0131 Sorular ve Cevaplar\u0131","og_url":"https:\/\/hilfalfudul.org\/en\/faq\/","og_site_name":"HilfalFudul","article_modified_time":"2025-10-26T00:55:22+00:00","twitter_card":"summary_large_image","twitter_misc":{"Est. reading time":"5 minutes"},"schema":{"@context":"https:\/\/schema.org","@graph":[{"@type":"WebPage","@id":"https:\/\/hilfalfudul.org\/faq\/","url":"https:\/\/hilfalfudul.org\/faq\/","name":"Bizi Tan\u0131man\u0131za Yararl\u0131 Olacak Baz\u0131 Sorular ve Cevaplar\u0131 - HilfalFudul","isPartOf":{"@id":"https:\/\/hilfalfudul.org\/#website"},"datePublished":"2024-05-28T12:32:54+00:00","dateModified":"2025-10-26T00:55:22+00:00","breadcrumb":{"@id":"https:\/\/hilfalfudul.org\/faq\/#breadcrumb"},"inLanguage":"en-US","potentialAction":[{"@type":"ReadAction","target":["https:\/\/hilfalfudul.org\/faq\/"]}]},{"@type":"BreadcrumbList","@id":"https:\/\/hilfalfudul.org\/faq\/#breadcrumb","itemListElement":[{"@type":"ListItem","position":1,"name":"Home","item":"https:\/\/hilfalfudul.org\/"},{"@type":"ListItem","position":2,"name":"Bizi Tan\u0131man\u0131za Yararl\u0131 Olacak Baz\u0131 Sorular ve Cevaplar\u0131"}]},{"@type":"WebSite","@id":"https:\/\/hilfalfudul.org\/#website","url":"https:\/\/hilfalfudul.org\/","name":"HilfalFudul","description":"Umudu Ya\u015fat!","publisher":{"@id":"https:\/\/hilfalfudul.org\/#organization"},"potentialAction":[{"@type":"SearchAction","target":{"@type":"EntryPoint","urlTemplate":"https:\/\/hilfalfudul.org\/?s={search_term_string}"},"query-input":{"@type":"PropertyValueSpecification","valueRequired":true,"valueName":"search_term_string"}}],"inLanguage":"en-US"},{"@type":"Organization","@id":"https:\/\/hilfalfudul.org\/#organization","name":"HilfalFudul","url":"https:\/\/hilfalfudul.org\/","logo":{"@type":"ImageObject","inLanguage":"en-US","@id":"https:\/\/hilfalfudul.org\/#\/schema\/logo\/image\/","url":"http:\/\/hilfalfudul.org\/wp-content\/uploads\/2025\/07\/phone-2.svg","contentUrl":"http:\/\/hilfalfudul.org\/wp-content\/uploads\/2025\/07\/phone-2.svg","width":467,"height":132,"caption":"HilfalFudul"},"image":{"@id":"https:\/\/hilfalfudul.org\/#\/schema\/logo\/image\/"},"sameAs":["https:\/\/www.instagram.com\/hilfalfudulfoundation\/"]}]}},"campaignId":"","_links":{"self":[{"href":"https:\/\/hilfalfudul.org\/en\/wp-json\/wp\/v2\/pages\/9902","targetHints":{"allow":["GET"]}}],"collection":[{"href":"https:\/\/hilfalfudul.org\/en\/wp-json\/wp\/v2\/pages"}],"about":[{"href":"https:\/\/hilfalfudul.org\/en\/wp-json\/wp\/v2\/types\/page"}],"author":[{"embeddable":true,"href":"https:\/\/hilfalfudul.org\/en\/wp-json\/wp\/v2\/users\/1"}],"replies":[{"embeddable":true,"href":"https:\/\/hilfalfudul.org\/en\/wp-json\/wp\/v2\/comments?post=9902"}],"version-history":[{"count":9,"href":"https:\/\/hilfalfudul.org\/en\/wp-json\/wp\/v2\/pages\/9902\/revisions"}],"predecessor-version":[{"id":9911,"href":"https:\/\/hilfalfudul.org\/en\/wp-json\/wp\/v2\/pages\/9902\/revisions\/9911"}],"wp:attachment":[{"href":"https:\/\/hilfalfudul.org\/en\/wp-json\/wp\/v2\/media?parent=9902"}],"curies":[{"name":"wp","href":"https:\/\/api.w.org\/{rel}","templated":true}]}}