{"id":9923,"date":"2024-05-28T16:41:25","date_gmt":"2024-05-28T13:41:25","guid":{"rendered":"https:\/\/hilfalfudul.org\/?page_id=9923"},"modified":"2025-10-26T03:54:55","modified_gmt":"2025-10-26T00:54:55","slug":"qurban","status":"publish","type":"page","link":"https:\/\/hilfalfudul.org\/en\/qurban\/","title":{"rendered":"Sacrifice"},"content":{"rendered":"<div class=\"wpb-content-wrapper\"><section data-vc-full-width=\"true\" data-vc-full-width-temp=\"true\" data-vc-full-width-init=\"false\" class=\"vc_section vc_custom_1716904289490 vc_section-has-fill wd-bg-center-center mobile-bg-img-hidden wd-rs-6655e1532809e\"><div data-vc-full-width=\"true\" data-vc-full-width-temp=\"true\" data-vc-full-width-init=\"false\" class=\"vc_row wpb_row vc_row-fluid vc_custom_1716904522046 vc_row-has-fill vc_row-o-content-middle vc_row-flex wd-disable-overflow wd-bg-center-top row-reverse-mobile wd-rs-6655e23e50cc3\"><div class=\"wpb_column vc_column_container vc_col-sm-6 vc_col-md-6 vc_col-has-fill wd-z-index reset-margin-mobile wd-rs-6116318badcb8\"><div class=\"vc_column-inner vc_custom_1628844429951\"><div class=\"wpb_wrapper\">\n\t\t<div id=\"wd-6655da2153e13\" class=\"title-wrapper wd-wpb wd-set-mb reset-last-child  wd-rs-6655da2153e13 wd-title-color-default wd-title-style-default text-left vc_custom_1716902478170 wd-width-custom wd-underline-colored\">\n\t\t\t\n\t\t\t<div class=\"liner-continer\">\n\t\t\t\t<h4 class=\"woodmart-title-container title  wd-font-weight-600 wd-fontsize-l\" >Sacrifice<\/h4>\n\t\t\t\t\t\t\t<\/div>\n\t\t\t\n\t\t\t\n\t\t\t\n\t\t<\/div>\n\t\t\n\t\t\t\t<div id=\"wd-66e177d033ce7\" class=\"wd-text-block wd-wpb reset-last-child wd-rs-66e177d033ce7 text-left wd-fontsize-m vc_custom_1726052307571\">\n\t\t\t<p>As the Hilful Fudul Foundation, to enable the sacrifice worship\u2014a unique example of brotherhood, sharing, and drawing closer to Allah\u2014to be performed most perfectly through proxy, we purchase your Vacip, Adak, Akika, Thankfulness, and voluntary (Nafile) sacrifices according to Islamic procedures, carry out the slaughtering, and deliver the meat to those in need who receive meat only once a year.<\/p>\n\t\t<\/div>\n\t\t\t\t<div id=\"wd-66e177d97fadd\" class=\"wd-text-block wd-wpb reset-last-child wd-rs-66e177d97fadd text-left wd-fontsize-m vc_custom_1726052316234\">\n\t\t\t<p>We bring meat to the tables of our brothers and sisters in oppressed regions, put smiles on their faces, and give hope to their hearts, showing them they are not forgotten. We take not only your sacrifice but also your gratitude to Allah, your good intentions, and your charity as a trust, and deliver it to our brothers and sisters in distant lands whose names you may not know. We provide you with a video of the sacrifice being performed in your name, with your proxy being read, as soon as possible.<\/p>\n\t\t<\/div>\n\t\t<\/div><\/div><\/div><div class=\"wpb_column vc_column_container vc_col-sm-6 vc_col-md-6 wd-rs-610bd08d8fbfb\"><div class=\"vc_column-inner vc_custom_1628164243256\"><div class=\"wpb_wrapper\">\t\t<div id=\"wd-6655daa3be7eb\" class=\"wd-image wd-wpb wd-rs-6655daa3be7eb text-center vc_custom_1716902575833\">\n\t\t\t\n\t\t\t\n\t\t\t\t\t<\/div>\n\t\t<\/div><\/div><\/div><\/div><div class=\"vc_row-full-width vc_clearfix\"><\/div><\/section><div class=\"vc_row-full-width vc_clearfix\"><\/div><section class=\"vc_section vc_custom_1716903378737 vc_section-has-fill wd-bg-center-center mobile-bg-img-hidden wd-rs-6655ddbc7b1d2 wd-section-stretch\"><div class=\"vc_row wpb_row vc_row-fluid wd-rs-6655e264722bf\"><div class=\"wpb_column vc_column_container vc_col-sm-12\"><div class=\"vc_column-inner\"><div class=\"wpb_wrapper\">\n\t\t<div id=\"wd-6655e1d3ac4a2\" class=\"title-wrapper wd-wpb wd-set-mb reset-last-child  wd-rs-6655e1d3ac4a2 wd-title-color-default wd-title-style-default text-center  wd-underline-colored\">\n\t\t\t\n\t\t\t<div class=\"liner-continer\">\n\t\t\t\t<h4 class=\"woodmart-title-container title  wd-font-weight- wd-fontsize-xxl\" >Sacrifice Donation in 4 Steps<\/h4>\n\t\t\t\t\t\t\t<\/div>\n\t\t\t\n\t\t\t\n\t\t\t\n\t\t<\/div>\n\t\t\n\t\t<\/div><\/div><\/div><\/div><div class=\"vc_row wpb_row vc_row-fluid vc_custom_1677766805631 vc_row-o-content-middle vc_row-flex wd-rs-6400b09079633\"><div class=\"wpb_column vc_column_container vc_col-sm-6 vc_col-lg-4 wd-rs-64072cd1706e2\"><div class=\"vc_column-inner vc_custom_1678191832240\"><div class=\"wpb_wrapper\">\t\t<div id=\"wd-6655dd1249c1a\" class=\"wd-image wd-wpb wd-rs-6655dd1249c1a text-left vc_custom_1716903207325\">\n\t\t\t\n\t\t\t\n\t\t\t\t\t<\/div>\n\t\t<\/div><\/div><\/div><div class=\"wpb_column vc_column_container vc_col-sm-6 vc_col-lg-8 wd-rs-640735f5c962b\"><div class=\"vc_column-inner vc_custom_1678194172755\"><div class=\"wpb_wrapper\">\n\t\t<div id=\"wd-6655e1ed34234\" class=\"title-wrapper wd-wpb wd-set-mb reset-last-child  wd-rs-6655e1ed34234 wd-title-color-default wd-title-style-default text-left vc_custom_1716904454609 wd-width-custom wd-underline-colored\">\n\t\t\t\n\t\t\t<div class=\"liner-continer\">\n\t\t\t\t<h4 class=\"woodmart-title-container title  wd-font-weight- wd-fontsize-xxl\" >1 \u2013 Donate Your Sacrifice<\/h4>\n\t\t\t\t\t\t\t<\/div>\n\t\t\t\n\t\t\t\t\t\t\t<div class=\"title-after_title reset-last-child  wd-fontsize-s\">Make your donation online or via bank transfer \/ EFT.<\/div>\n\t\t\t\n\t\t\t\n\t\t<\/div>\n\t\t\n\t\t<\/div><\/div><\/div><\/div><div class=\"vc_row wpb_row vc_row-fluid vc_row-o-content-middle vc_row-flex row-reverse-mobile wd-rs-6400b0b368208\"><div class=\"wpb_column vc_column_container vc_col-sm-6 vc_col-lg-8 wd-rs-640735fe927d9\"><div class=\"vc_column-inner vc_custom_1678194191036\"><div class=\"wpb_wrapper\">\n\t\t<div id=\"wd-6655e20c5b8ca\" class=\"title-wrapper wd-wpb wd-set-mb reset-last-child  wd-rs-6655e20c5b8ca wd-title-color-default wd-title-style-default text-right  wd-width-custom wd-underline-colored\">\n\t\t\t\n\t\t\t<div class=\"liner-continer\">\n\t\t\t\t<h4 class=\"woodmart-title-container title  wd-font-weight- wd-fontsize-xxl\" >2 \u2013 Have Your Proxy Taken<\/h4>\n\t\t\t\t\t\t\t<\/div>\n\t\t\t\n\t\t\t\t\t\t\t<div class=\"title-after_title reset-last-child  wd-fontsize-s\">Our staff will call you to obtain your proxy.<\/div>\n\t\t\t\n\t\t\t\n\t\t<\/div>\n\t\t\n\t\t<\/div><\/div><\/div><div class=\"wpb_column vc_column_container vc_col-sm-6 vc_col-lg-4 wd-rs-64072d1181659\"><div class=\"vc_column-inner vc_custom_1678191893050\"><div class=\"wpb_wrapper\">\t\t<div id=\"wd-6655de8fd4ee6\" class=\"wd-image wd-wpb wd-rs-6655de8fd4ee6 text-left vc_custom_1716903608123\">\n\t\t\t\n\t\t\t\n\t\t\t\t\t<\/div>\n\t\t<\/div><\/div><\/div><\/div><\/section><section class=\"vc_section vc_custom_1716904245802 vc_section-has-fill wd-bg-center-center mobile-bg-img-hidden wd-rs-6655e1218cfc7 wd-section-stretch\"><div class=\"vc_row wpb_row vc_row-fluid vc_custom_1677766805631 vc_row-o-content-middle vc_row-flex wd-rs-6400b09079633\"><div class=\"wpb_column vc_column_container vc_col-sm-6 vc_col-lg-4 wd-rs-64072cd1706e2\"><div class=\"vc_column-inner vc_custom_1678191832240\"><div class=\"wpb_wrapper\">\t\t<div id=\"wd-6655dffc02e31\" class=\"wd-image wd-wpb wd-rs-6655dffc02e31 text-left vc_custom_1716904076867\">\n\t\t\t\n\t\t\t<img fetchpriority=\"high\" decoding=\"async\" width=\"500\" height=\"500\" src=\"https:\/\/hilfalfudul.org\/wp-content\/uploads\/2024\/05\/12.webp\" class=\"attachment-full size-full\" alt=\"\" srcset=\"https:\/\/hilfalfudul.org\/wp-content\/uploads\/2024\/05\/12.webp 500w, https:\/\/hilfalfudul.org\/wp-content\/uploads\/2024\/05\/12-300x300.webp 300w, https:\/\/hilfalfudul.org\/wp-content\/uploads\/2024\/05\/12-150x150.webp 150w\" sizes=\"(max-width: 500px) 100vw, 500px\" \/>\n\t\t\t\t\t<\/div>\n\t\t<\/div><\/div><\/div><div class=\"wpb_column vc_column_container vc_col-sm-6 vc_col-lg-8 wd-rs-640735f5c962b\"><div class=\"vc_column-inner vc_custom_1678194172755\"><div class=\"wpb_wrapper\">\n\t\t<div id=\"wd-6655e2175b098\" class=\"title-wrapper wd-wpb wd-set-mb reset-last-child  wd-rs-6655e2175b098 wd-title-color-default wd-title-style-default text-left vc_custom_1716904477806 wd-width-custom wd-underline-colored\">\n\t\t\t\n\t\t\t<div class=\"liner-continer\">\n\t\t\t\t<h4 class=\"woodmart-title-container title  wd-font-weight- wd-fontsize-xxl\" >3 \u2013 Have Your Sacrifice Slaughtered<\/h4>\n\t\t\t\t\t\t\t<\/div>\n\t\t\t\n\t\t\t\t\t\t\t<div class=\"title-after_title reset-last-child  wd-fontsize-s\">Your sacrifice is slaughtered according to the country and type you select.<\/div>\n\t\t\t\n\t\t\t\n\t\t<\/div>\n\t\t\n\t\t<\/div><\/div><\/div><\/div><div class=\"vc_row wpb_row vc_row-fluid vc_row-o-content-middle vc_row-flex row-reverse-mobile wd-rs-6400b0b368208\"><div class=\"wpb_column vc_column_container vc_col-sm-6 vc_col-lg-8 wd-rs-640735fe927d9\"><div class=\"vc_column-inner vc_custom_1678194191036\"><div class=\"wpb_wrapper\">\n\t\t<div id=\"wd-6655e221ba7ee\" class=\"title-wrapper wd-wpb wd-set-mb reset-last-child  wd-rs-6655e221ba7ee wd-title-color-default wd-title-style-default text-right  wd-width-custom wd-underline-colored\">\n\t\t\t\n\t\t\t<div class=\"liner-continer\">\n\t\t\t\t<h4 class=\"woodmart-title-container title  wd-font-weight- wd-fontsize-xxl\" >4 \u2013 Receive Your Video<\/h4>\n\t\t\t\t\t\t\t<\/div>\n\t\t\t\n\t\t\t\t\t\t\t<div class=\"title-after_title reset-last-child  wd-fontsize-s\">Have the slaughter video delivered to your mobile device.<\/div>\n\t\t\t\n\t\t\t\n\t\t<\/div>\n\t\t\n\t\t<\/div><\/div><\/div><div class=\"wpb_column vc_column_container vc_col-sm-6 vc_col-lg-4 wd-rs-64072d1181659\"><div class=\"vc_column-inner vc_custom_1678191893050\"><div class=\"wpb_wrapper\">\t\t<div id=\"wd-6655e0e8196a8\" class=\"wd-image wd-wpb wd-rs-6655e0e8196a8 text-left vc_custom_1716904182762\">\n\t\t\t\n\t\t\t<img decoding=\"async\" width=\"500\" height=\"500\" src=\"https:\/\/hilfalfudul.org\/wp-content\/uploads\/2024\/05\/13.webp\" class=\"attachment-full size-full\" alt=\"\" srcset=\"https:\/\/hilfalfudul.org\/wp-content\/uploads\/2024\/05\/13.webp 500w, https:\/\/hilfalfudul.org\/wp-content\/uploads\/2024\/05\/13-300x300.webp 300w, https:\/\/hilfalfudul.org\/wp-content\/uploads\/2024\/05\/13-150x150.webp 150w\" sizes=\"(max-width: 500px) 100vw, 500px\" \/>\n\t\t\t\t\t<\/div>\n\t\t<\/div><\/div><\/div><\/div><\/section>\n\n    <div class=\"xs_social_share_widget xs_share_url after_content \t\tmain_content  wslu-style-1 wslu-share-box-shaped wslu-fill-colored wslu-none wslu-share-horizontal wslu-theme-font-no wslu-main_content\">\n\n\t\t\n        <ul>\n\t\t\t        <\/ul>\n    <\/div> \n<\/div>","protected":false},"excerpt":{"rendered":"KURBAN Karde\u015flik, payla\u015fma ve Allah\u2019a yak\u0131nla\u015fman\u0131n e\u015fsiz \u00f6rne\u011fi kurban ibadetinin vekalet yoluyla en g\u00fczel \u015fekilde yerine getirebilmesi i\u00e7in Hilful Fudul","protected":false},"author":1,"featured_media":0,"parent":0,"menu_order":0,"comment_status":"closed","ping_status":"closed","template":"","meta":{"give_campaign_id":0,"postBodyCss":"","postBodyMargin":[],"postBodyPadding":[],"postBodyBackground":{"backgroundType":"classic","gradient":""},"footnotes":""},"class_list":["post-9923","page","type-page","status-publish","hentry"],"yoast_head":"<!-- This site is optimized with the Yoast SEO Premium plugin v27.2 (Yoast SEO v27.2) - https:\/\/yoast.com\/product\/yoast-seo-premium-wordpress\/ -->\n<title>Kurban - HilfalFudul<\/title>\n<meta name=\"robots\" content=\"index, follow, max-snippet:-1, max-image-preview:large, max-video-preview:-1\" \/>\n<link rel=\"canonical\" href=\"https:\/\/hilfalfudul.org\/en\/qurban\/\" \/>\n<meta property=\"og:locale\" content=\"en_US\" \/>\n<meta property=\"og:type\" content=\"article\" \/>\n<meta property=\"og:title\" content=\"Kurban\" \/>\n<meta property=\"og:url\" content=\"https:\/\/hilfalfudul.org\/en\/qurban\/\" \/>\n<meta property=\"og:site_name\" content=\"HilfalFudul\" \/>\n<meta property=\"article:modified_time\" content=\"2025-10-26T00:54:55+00:00\" \/>\n<meta name=\"twitter:card\" content=\"summary_large_image\" \/>\n<meta name=\"twitter:label1\" content=\"Est. reading time\" \/>\n\t<meta name=\"twitter:data1\" content=\"18 minutes\" \/>\n<script type=\"application\/ld+json\" class=\"yoast-schema-graph\">{\"@context\":\"https:\/\/schema.org\",\"@graph\":[{\"@type\":\"WebPage\",\"@id\":\"https:\/\/hilfalfudul.org\/en\/qurban\/\",\"url\":\"https:\/\/hilfalfudul.org\/en\/qurban\/\",\"name\":\"Kurban - HilfalFudul\",\"isPartOf\":{\"@id\":\"https:\/\/hilfalfudul.org\/#website\"},\"datePublished\":\"2024-05-28T13:41:25+00:00\",\"dateModified\":\"2025-10-26T00:54:55+00:00\",\"breadcrumb\":{\"@id\":\"https:\/\/hilfalfudul.org\/en\/qurban\/#breadcrumb\"},\"inLanguage\":\"en-US\",\"potentialAction\":[{\"@type\":\"ReadAction\",\"target\":[\"https:\/\/hilfalfudul.org\/en\/qurban\/\"]}]},{\"@type\":\"BreadcrumbList\",\"@id\":\"https:\/\/hilfalfudul.org\/en\/qurban\/#breadcrumb\",\"itemListElement\":[{\"@type\":\"ListItem\",\"position\":1,\"name\":\"Home\",\"item\":\"https:\/\/hilfalfudul.org\/\"},{\"@type\":\"ListItem\",\"position\":2,\"name\":\"Kurban\"}]},{\"@type\":\"WebSite\",\"@id\":\"https:\/\/hilfalfudul.org\/#website\",\"url\":\"https:\/\/hilfalfudul.org\/\",\"name\":\"HilfalFudul\",\"description\":\"Umudu Ya\u015fat!\",\"publisher\":{\"@id\":\"https:\/\/hilfalfudul.org\/#organization\"},\"potentialAction\":[{\"@type\":\"SearchAction\",\"target\":{\"@type\":\"EntryPoint\",\"urlTemplate\":\"https:\/\/hilfalfudul.org\/?s={search_term_string}\"},\"query-input\":{\"@type\":\"PropertyValueSpecification\",\"valueRequired\":true,\"valueName\":\"search_term_string\"}}],\"inLanguage\":\"en-US\"},{\"@type\":\"Organization\",\"@id\":\"https:\/\/hilfalfudul.org\/#organization\",\"name\":\"HilfalFudul\",\"url\":\"https:\/\/hilfalfudul.org\/\",\"logo\":{\"@type\":\"ImageObject\",\"inLanguage\":\"en-US\",\"@id\":\"https:\/\/hilfalfudul.org\/#\/schema\/logo\/image\/\",\"url\":\"http:\/\/hilfalfudul.org\/wp-content\/uploads\/2025\/07\/phone-2.svg\",\"contentUrl\":\"http:\/\/hilfalfudul.org\/wp-content\/uploads\/2025\/07\/phone-2.svg\",\"width\":467,\"height\":132,\"caption\":\"HilfalFudul\"},\"image\":{\"@id\":\"https:\/\/hilfalfudul.org\/#\/schema\/logo\/image\/\"},\"sameAs\":[\"https:\/\/www.instagram.com\/hilfalfudulfoundation\/\"]}]}<\/script>\n<!-- \/ Yoast SEO Premium plugin. -->","yoast_head_json":{"title":"Kurban - HilfalFudul","robots":{"index":"index","follow":"follow","max-snippet":"max-snippet:-1","max-image-preview":"max-image-preview:large","max-video-preview":"max-video-preview:-1"},"canonical":"https:\/\/hilfalfudul.org\/en\/qurban\/","og_locale":"en_US","og_type":"article","og_title":"Kurban","og_url":"https:\/\/hilfalfudul.org\/en\/qurban\/","og_site_name":"HilfalFudul","article_modified_time":"2025-10-26T00:54:55+00:00","twitter_card":"summary_large_image","twitter_misc":{"Est. reading time":"18 minutes"},"schema":{"@context":"https:\/\/schema.org","@graph":[{"@type":"WebPage","@id":"https:\/\/hilfalfudul.org\/en\/qurban\/","url":"https:\/\/hilfalfudul.org\/en\/qurban\/","name":"Kurban - HilfalFudul","isPartOf":{"@id":"https:\/\/hilfalfudul.org\/#website"},"datePublished":"2024-05-28T13:41:25+00:00","dateModified":"2025-10-26T00:54:55+00:00","breadcrumb":{"@id":"https:\/\/hilfalfudul.org\/en\/qurban\/#breadcrumb"},"inLanguage":"en-US","potentialAction":[{"@type":"ReadAction","target":["https:\/\/hilfalfudul.org\/en\/qurban\/"]}]},{"@type":"BreadcrumbList","@id":"https:\/\/hilfalfudul.org\/en\/qurban\/#breadcrumb","itemListElement":[{"@type":"ListItem","position":1,"name":"Home","item":"https:\/\/hilfalfudul.org\/"},{"@type":"ListItem","position":2,"name":"Kurban"}]},{"@type":"WebSite","@id":"https:\/\/hilfalfudul.org\/#website","url":"https:\/\/hilfalfudul.org\/","name":"HilfalFudul","description":"Umudu Ya\u015fat!","publisher":{"@id":"https:\/\/hilfalfudul.org\/#organization"},"potentialAction":[{"@type":"SearchAction","target":{"@type":"EntryPoint","urlTemplate":"https:\/\/hilfalfudul.org\/?s={search_term_string}"},"query-input":{"@type":"PropertyValueSpecification","valueRequired":true,"valueName":"search_term_string"}}],"inLanguage":"en-US"},{"@type":"Organization","@id":"https:\/\/hilfalfudul.org\/#organization","name":"HilfalFudul","url":"https:\/\/hilfalfudul.org\/","logo":{"@type":"ImageObject","inLanguage":"en-US","@id":"https:\/\/hilfalfudul.org\/#\/schema\/logo\/image\/","url":"http:\/\/hilfalfudul.org\/wp-content\/uploads\/2025\/07\/phone-2.svg","contentUrl":"http:\/\/hilfalfudul.org\/wp-content\/uploads\/2025\/07\/phone-2.svg","width":467,"height":132,"caption":"HilfalFudul"},"image":{"@id":"https:\/\/hilfalfudul.org\/#\/schema\/logo\/image\/"},"sameAs":["https:\/\/www.instagram.com\/hilfalfudulfoundation\/"]}]}},"campaignId":"","_links":{"self":[{"href":"https:\/\/hilfalfudul.org\/en\/wp-json\/wp\/v2\/pages\/9923","targetHints":{"allow":["GET"]}}],"collection":[{"href":"https:\/\/hilfalfudul.org\/en\/wp-json\/wp\/v2\/pages"}],"about":[{"href":"https:\/\/hilfalfudul.org\/en\/wp-json\/wp\/v2\/types\/page"}],"author":[{"embeddable":true,"href":"https:\/\/hilfalfudul.org\/en\/wp-json\/wp\/v2\/users\/1"}],"replies":[{"embeddable":true,"href":"https:\/\/hilfalfudul.org\/en\/wp-json\/wp\/v2\/comments?post=9923"}],"version-history":[{"count":16,"href":"https:\/\/hilfalfudul.org\/en\/wp-json\/wp\/v2\/pages\/9923\/revisions"}],"predecessor-version":[{"id":10123,"href":"https:\/\/hilfalfudul.org\/en\/wp-json\/wp\/v2\/pages\/9923\/revisions\/10123"}],"wp:attachment":[{"href":"https:\/\/hilfalfudul.org\/en\/wp-json\/wp\/v2\/media?parent=9923"}],"curies":[{"name":"wp","href":"https:\/\/api.w.org\/{rel}","templated":true}]}}