{"id":9970,"date":"2024-06-10T09:26:03","date_gmt":"2024-06-10T06:26:03","guid":{"rendered":"https:\/\/hilfalfudul.org\/?page_id=9970"},"modified":"2025-10-26T03:51:13","modified_gmt":"2025-10-26T00:51:13","slug":"donor-bill-of-rights","status":"publish","type":"page","link":"https:\/\/hilfalfudul.org\/en\/donor-bill-of-rights\/","title":{"rendered":"Donor Bill of Rights"},"content":{"rendered":"<div class=\"wpb-content-wrapper\"><div class=\"vc_row wpb_row vc_row-fluid\"><div class=\"wpb_column vc_column_container vc_col-sm-12\"><div class=\"vc_column-inner\"><div class=\"wpb_wrapper\">\t\t<div id=\"wd-66e17914ac502\" class=\"wd-text-block wd-wpb reset-last-child wd-rs-66e17914ac502 text-left wd-fontsize-m\">\n\t\t\t<p class=\"translation-block\">As the <strong>Hilful Fudul Foundation<\/strong>, we believe that giving is a voluntary act that contributes to the growth of social good. Therefore, protecting and respecting the rights of our donors is one of our foremost principles. We acknowledge that all our donors have the following rights:<\/p>\n<p class=\"translation-block\"><strong>Right to Information:<\/strong> The right to receive detailed information about our foundation\u2019s mission, vision, how donations will be used, and the foundation\u2019s capacity and intent to utilize the donations efficiently and in line with their intended purpose.<\/p>\n<p class=\"translation-block\"><strong>Right to Governance Information:<\/strong> The right to obtain information about the foundation\u2019s board of directors and executives, and to expect these individuals to perform their duties responsibly and prudently.<\/p>\n<p class=\"translation-block\"><strong>Right to Access Financial Information:<\/strong> The right to access detailed information regarding the foundation\u2019s current financial status and accounts.<\/p>\n<p class=\"translation-block\"><strong>Right to Assurance of Donation Use:<\/strong> The right to receive assurance that all donations will be used in accordance with their intended purposes.<\/p>\n<p class=\"translation-block\"><strong>Right to Appreciation:<\/strong> The right of every donor to be properly and appropriately thanked for their contribution.<\/p>\n<p class=\"translation-block\"><strong>Right to Privacy:<\/strong> The right to request that donations be kept confidential in accordance with applicable laws.<\/p>\n<p class=\"translation-block\"><strong>Right to Professional Relationships:<\/strong> The right to expect that all interactions with foundation representatives and staff are conducted in a professional manner.<\/p>\n<p class=\"translation-block\"><strong>Right to Know the Identity of the Solicitor:<\/strong> The right to know whether the person requesting the donation is a volunteer, an employee of the foundation, or an external representative.<\/p>\n<p class=\"translation-block\"><strong>Right to Communication Privacy:<\/strong> The right to request removal from any contact list if personal communication information is shared with third parties.<\/p>\n<p class=\"translation-block\"><strong>Right to Ask Questions:<\/strong> The right to ask questions when making a donation and to receive immediate, accurate, and transparent answers.<\/p>\n<p>As the Hilf al-Fudul Foundation, we place great importance on transparency, accountability, and integrity in order to earn the trust and support of our donors. We continuously strive to meet the needs and expectations of our donors and carefully consider their feedback in all our efforts.<\/p>\n<p>Without the support of our donors, it would not be possible for us to fulfill our mission, and we are deeply grateful for the contributions they provide.<\/p>\n\t\t<\/div>\n\t\t<\/div><\/div><\/div><\/div>\n\n    <div class=\"xs_social_share_widget xs_share_url after_content \t\tmain_content  wslu-style-1 wslu-share-box-shaped wslu-fill-colored wslu-none wslu-share-horizontal wslu-theme-font-no wslu-main_content\">\n\n\t\t\n        <ul>\n\t\t\t        <\/ul>\n    <\/div> \n<\/div>","protected":false},"excerpt":{"rendered":"Hilful Fudul Vakf\u0131 olarak, ba\u011f\u0131\u015f\u00e7\u0131l\u0131\u011f\u0131n g\u00f6n\u00fcll\u00fc bir eylem oldu\u011funa ve toplumsal iyili\u011fin artmas\u0131na katk\u0131 sa\u011flad\u0131\u011f\u0131na inan\u0131yoruz. Bu nedenle, ba\u011f\u0131\u015f\u00e7\u0131lar\u0131n haklar\u0131n\u0131","protected":false},"author":1,"featured_media":0,"parent":0,"menu_order":0,"comment_status":"closed","ping_status":"closed","template":"","meta":{"give_campaign_id":0,"postBodyCss":"","postBodyMargin":[],"postBodyPadding":[],"postBodyBackground":{"backgroundType":"classic","gradient":""},"footnotes":""},"class_list":["post-9970","page","type-page","status-publish","hentry"],"yoast_head":"<!-- This site is optimized with the Yoast SEO Premium plugin v27.2 (Yoast SEO v27.2) - https:\/\/yoast.com\/product\/yoast-seo-premium-wordpress\/ -->\n<title>Ba\u011f\u0131\u015f\u00e7\u0131 Haklar\u0131 Beyannamesi - HilfalFudul<\/title>\n<meta name=\"robots\" content=\"index, follow, max-snippet:-1, max-image-preview:large, max-video-preview:-1\" \/>\n<link rel=\"canonical\" href=\"https:\/\/hilfalfudul.org\/en\/donor-bill-of-rights\/\" \/>\n<meta property=\"og:locale\" content=\"en_US\" \/>\n<meta property=\"og:type\" content=\"article\" \/>\n<meta property=\"og:title\" content=\"Ba\u011f\u0131\u015f\u00e7\u0131 Haklar\u0131 Beyannamesi\" \/>\n<meta property=\"og:url\" content=\"https:\/\/hilfalfudul.org\/en\/donor-bill-of-rights\/\" \/>\n<meta property=\"og:site_name\" content=\"HilfalFudul\" \/>\n<meta property=\"article:modified_time\" content=\"2025-10-26T00:51:13+00:00\" \/>\n<meta name=\"twitter:card\" content=\"summary_large_image\" \/>\n<meta name=\"twitter:label1\" content=\"Est. reading time\" \/>\n\t<meta name=\"twitter:data1\" content=\"2 minutes\" \/>\n<script type=\"application\/ld+json\" class=\"yoast-schema-graph\">{\"@context\":\"https:\/\/schema.org\",\"@graph\":[{\"@type\":\"WebPage\",\"@id\":\"https:\/\/hilfalfudul.org\/donor-bill-of-rights\/\",\"url\":\"https:\/\/hilfalfudul.org\/donor-bill-of-rights\/\",\"name\":\"Ba\u011f\u0131\u015f\u00e7\u0131 Haklar\u0131 Beyannamesi - HilfalFudul\",\"isPartOf\":{\"@id\":\"https:\/\/hilfalfudul.org\/#website\"},\"datePublished\":\"2024-06-10T06:26:03+00:00\",\"dateModified\":\"2025-10-26T00:51:13+00:00\",\"breadcrumb\":{\"@id\":\"https:\/\/hilfalfudul.org\/donor-bill-of-rights\/#breadcrumb\"},\"inLanguage\":\"en-US\",\"potentialAction\":[{\"@type\":\"ReadAction\",\"target\":[\"https:\/\/hilfalfudul.org\/donor-bill-of-rights\/\"]}]},{\"@type\":\"BreadcrumbList\",\"@id\":\"https:\/\/hilfalfudul.org\/donor-bill-of-rights\/#breadcrumb\",\"itemListElement\":[{\"@type\":\"ListItem\",\"position\":1,\"name\":\"Home\",\"item\":\"https:\/\/hilfalfudul.org\/\"},{\"@type\":\"ListItem\",\"position\":2,\"name\":\"Ba\u011f\u0131\u015f\u00e7\u0131 Haklar\u0131 Beyannamesi\"}]},{\"@type\":\"WebSite\",\"@id\":\"https:\/\/hilfalfudul.org\/#website\",\"url\":\"https:\/\/hilfalfudul.org\/\",\"name\":\"HilfalFudul\",\"description\":\"Umudu Ya\u015fat!\",\"publisher\":{\"@id\":\"https:\/\/hilfalfudul.org\/#organization\"},\"potentialAction\":[{\"@type\":\"SearchAction\",\"target\":{\"@type\":\"EntryPoint\",\"urlTemplate\":\"https:\/\/hilfalfudul.org\/?s={search_term_string}\"},\"query-input\":{\"@type\":\"PropertyValueSpecification\",\"valueRequired\":true,\"valueName\":\"search_term_string\"}}],\"inLanguage\":\"en-US\"},{\"@type\":\"Organization\",\"@id\":\"https:\/\/hilfalfudul.org\/#organization\",\"name\":\"HilfalFudul\",\"url\":\"https:\/\/hilfalfudul.org\/\",\"logo\":{\"@type\":\"ImageObject\",\"inLanguage\":\"en-US\",\"@id\":\"https:\/\/hilfalfudul.org\/#\/schema\/logo\/image\/\",\"url\":\"http:\/\/hilfalfudul.org\/wp-content\/uploads\/2025\/07\/phone-2.svg\",\"contentUrl\":\"http:\/\/hilfalfudul.org\/wp-content\/uploads\/2025\/07\/phone-2.svg\",\"width\":467,\"height\":132,\"caption\":\"HilfalFudul\"},\"image\":{\"@id\":\"https:\/\/hilfalfudul.org\/#\/schema\/logo\/image\/\"},\"sameAs\":[\"https:\/\/www.instagram.com\/hilfalfudulfoundation\/\"]}]}<\/script>\n<!-- \/ Yoast SEO Premium plugin. -->","yoast_head_json":{"title":"Ba\u011f\u0131\u015f\u00e7\u0131 Haklar\u0131 Beyannamesi - HilfalFudul","robots":{"index":"index","follow":"follow","max-snippet":"max-snippet:-1","max-image-preview":"max-image-preview:large","max-video-preview":"max-video-preview:-1"},"canonical":"https:\/\/hilfalfudul.org\/en\/donor-bill-of-rights\/","og_locale":"en_US","og_type":"article","og_title":"Ba\u011f\u0131\u015f\u00e7\u0131 Haklar\u0131 Beyannamesi","og_url":"https:\/\/hilfalfudul.org\/en\/donor-bill-of-rights\/","og_site_name":"HilfalFudul","article_modified_time":"2025-10-26T00:51:13+00:00","twitter_card":"summary_large_image","twitter_misc":{"Est. reading time":"2 minutes"},"schema":{"@context":"https:\/\/schema.org","@graph":[{"@type":"WebPage","@id":"https:\/\/hilfalfudul.org\/donor-bill-of-rights\/","url":"https:\/\/hilfalfudul.org\/donor-bill-of-rights\/","name":"Ba\u011f\u0131\u015f\u00e7\u0131 Haklar\u0131 Beyannamesi - HilfalFudul","isPartOf":{"@id":"https:\/\/hilfalfudul.org\/#website"},"datePublished":"2024-06-10T06:26:03+00:00","dateModified":"2025-10-26T00:51:13+00:00","breadcrumb":{"@id":"https:\/\/hilfalfudul.org\/donor-bill-of-rights\/#breadcrumb"},"inLanguage":"en-US","potentialAction":[{"@type":"ReadAction","target":["https:\/\/hilfalfudul.org\/donor-bill-of-rights\/"]}]},{"@type":"BreadcrumbList","@id":"https:\/\/hilfalfudul.org\/donor-bill-of-rights\/#breadcrumb","itemListElement":[{"@type":"ListItem","position":1,"name":"Home","item":"https:\/\/hilfalfudul.org\/"},{"@type":"ListItem","position":2,"name":"Ba\u011f\u0131\u015f\u00e7\u0131 Haklar\u0131 Beyannamesi"}]},{"@type":"WebSite","@id":"https:\/\/hilfalfudul.org\/#website","url":"https:\/\/hilfalfudul.org\/","name":"HilfalFudul","description":"Umudu Ya\u015fat!","publisher":{"@id":"https:\/\/hilfalfudul.org\/#organization"},"potentialAction":[{"@type":"SearchAction","target":{"@type":"EntryPoint","urlTemplate":"https:\/\/hilfalfudul.org\/?s={search_term_string}"},"query-input":{"@type":"PropertyValueSpecification","valueRequired":true,"valueName":"search_term_string"}}],"inLanguage":"en-US"},{"@type":"Organization","@id":"https:\/\/hilfalfudul.org\/#organization","name":"HilfalFudul","url":"https:\/\/hilfalfudul.org\/","logo":{"@type":"ImageObject","inLanguage":"en-US","@id":"https:\/\/hilfalfudul.org\/#\/schema\/logo\/image\/","url":"http:\/\/hilfalfudul.org\/wp-content\/uploads\/2025\/07\/phone-2.svg","contentUrl":"http:\/\/hilfalfudul.org\/wp-content\/uploads\/2025\/07\/phone-2.svg","width":467,"height":132,"caption":"HilfalFudul"},"image":{"@id":"https:\/\/hilfalfudul.org\/#\/schema\/logo\/image\/"},"sameAs":["https:\/\/www.instagram.com\/hilfalfudulfoundation\/"]}]}},"campaignId":"","_links":{"self":[{"href":"https:\/\/hilfalfudul.org\/en\/wp-json\/wp\/v2\/pages\/9970","targetHints":{"allow":["GET"]}}],"collection":[{"href":"https:\/\/hilfalfudul.org\/en\/wp-json\/wp\/v2\/pages"}],"about":[{"href":"https:\/\/hilfalfudul.org\/en\/wp-json\/wp\/v2\/types\/page"}],"author":[{"embeddable":true,"href":"https:\/\/hilfalfudul.org\/en\/wp-json\/wp\/v2\/users\/1"}],"replies":[{"embeddable":true,"href":"https:\/\/hilfalfudul.org\/en\/wp-json\/wp\/v2\/comments?post=9970"}],"version-history":[{"count":3,"href":"https:\/\/hilfalfudul.org\/en\/wp-json\/wp\/v2\/pages\/9970\/revisions"}],"predecessor-version":[{"id":10133,"href":"https:\/\/hilfalfudul.org\/en\/wp-json\/wp\/v2\/pages\/9970\/revisions\/10133"}],"wp:attachment":[{"href":"https:\/\/hilfalfudul.org\/en\/wp-json\/wp\/v2\/media?parent=9970"}],"curies":[{"name":"wp","href":"https:\/\/api.w.org\/{rel}","templated":true}]}}